{"id":136,"date":"2024-10-04T18:48:05","date_gmt":"2024-10-04T16:48:05","guid":{"rendered":"http:\/\/10.101.1.48\/index.php\/nos-missions-2\/"},"modified":"2025-05-05T09:41:45","modified_gmt":"2025-05-05T07:41:45","slug":"nos-missions-2","status":"publish","type":"page","link":"https:\/\/www.artic.fr\/index.php\/nos-missions-2\/","title":{"rendered":"Nos missions"},"content":{"rendered":"\t\t<div data-elementor-type=\"wp-page\" data-elementor-id=\"136\" class=\"elementor elementor-136\">\n\t\t\t\t\t\t<section class=\"elementor-section elementor-top-section elementor-element elementor-element-68d6de1c elementor-section-content-middle elementor-section-boxed elementor-section-height-default elementor-section-height-default\" data-id=\"68d6de1c\" data-element_type=\"section\" data-e-type=\"section\" data-settings=\"{&quot;background_background&quot;:&quot;classic&quot;}\">\n\t\t\t\t\t\t\t<div class=\"elementor-background-overlay\"><\/div>\n\t\t\t\t\t\t\t<div class=\"elementor-container elementor-column-gap-no\">\n\t\t\t\t\t<div class=\"elementor-column elementor-col-50 elementor-top-column elementor-element elementor-element-3c4157e\" data-id=\"3c4157e\" data-element_type=\"column\" data-e-type=\"column\">\n\t\t\t<div class=\"elementor-widget-wrap elementor-element-populated\">\n\t\t\t\t\t\t<div class=\"elementor-element elementor-element-fe9eb4a elementor-widget elementor-widget-image\" data-id=\"fe9eb4a\" data-element_type=\"widget\" data-e-type=\"widget\" data-widget_type=\"image.default\">\n\t\t\t\t<div class=\"elementor-widget-container\">\n\t\t\t\t\t\t\t\t\t\t\t\t\t\t\t<img fetchpriority=\"high\" decoding=\"async\" width=\"500\" height=\"344\" src=\"\/wp-content\/uploads\/2024\/10\/Missions.png\" class=\"attachment-full size-full wp-image-419\" alt=\"\" srcset=\"\/wp-content\/uploads\/2024\/10\/Missions.png 500w, \/wp-content\/uploads\/2024\/10\/Missions-300x206.png 300w\" sizes=\"(max-width: 500px) 100vw, 500px\" \/>\t\t\t\t\t\t\t\t\t\t\t\t\t\t\t<\/div>\n\t\t\t\t<\/div>\n\t\t\t\t\t<\/div>\n\t\t<\/div>\n\t\t\t\t<div class=\"elementor-column elementor-col-50 elementor-top-column elementor-element elementor-element-2fc326ef\" data-id=\"2fc326ef\" data-element_type=\"column\" data-e-type=\"column\">\n\t\t\t<div class=\"elementor-widget-wrap elementor-element-populated\">\n\t\t\t\t\t\t<div class=\"elementor-element elementor-element-4c552e50 elementor-widget elementor-widget-text-editor\" data-id=\"4c552e50\" data-element_type=\"widget\" data-e-type=\"widget\" data-widget_type=\"text-editor.default\">\n\t\t\t\t<div class=\"elementor-widget-container\">\n\t\t\t\t\t\t\t\t\t<p><span style=\"font-weight: 400;\">Nos <\/span><b><u>principales missions<\/u> <\/b><span style=\"font-weight: 400;\">sont :<\/span><\/p>\t\t\t\t\t\t\t\t<\/div>\n\t\t\t\t<\/div>\n\t\t\t\t<div class=\"elementor-element elementor-element-2dbeac65 elementor-list-item-link-full_width elementor-widget elementor-widget-icon-list\" data-id=\"2dbeac65\" data-element_type=\"widget\" data-e-type=\"widget\" data-widget_type=\"icon-list.default\">\n\t\t\t\t<div class=\"elementor-widget-container\">\n\t\t\t\t\t\t\t<ul class=\"elementor-icon-list-items\">\n\t\t\t\t\t\t\t<li class=\"elementor-icon-list-item\">\n\t\t\t\t\t\t\t\t\t\t<span class=\"elementor-icon-list-text\"><b>\u2705 <\/b>assurer la mission de<b> DSI - <\/b>Direction des Syst\u00e8mes d\u2019Information<\/span>\n\t\t\t\t\t\t\t\t\t<\/li>\n\t\t\t\t\t\t\t\t<li class=\"elementor-icon-list-item\">\n\t\t\t\t\t\t\t\t\t\t<span class=\"elementor-icon-list-text\"><b>\u2705 <\/b>piloter des <b>projets informatiques<\/b> qui contribuent \u00e0 l'\u00e9volution du Syt\u00e8me d'Information<br><\/span>\n\t\t\t\t\t\t\t\t\t<\/li>\n\t\t\t\t\t\t\t\t<li class=\"elementor-icon-list-item\">\n\t\t\t\t\t\t\t\t\t\t<span class=\"elementor-icon-list-text\"><b>\u2705 int\u00e9grer des solutions<\/b> informatiques innovantes<\/span>\n\t\t\t\t\t\t\t\t\t<\/li>\n\t\t\t\t\t\t\t\t<li class=\"elementor-icon-list-item\">\n\t\t\t\t\t\t\t\t\t\t<span class=\"elementor-icon-list-text\"><b>\u2705 <\/b>assurer le <b>support <\/b>aupr\u00e8s des utilisateurs<\/span>\n\t\t\t\t\t\t\t\t\t<\/li>\n\t\t\t\t\t\t\t\t<li class=\"elementor-icon-list-item\">\n\t\t\t\t\t\t\t\t\t\t<span class=\"elementor-icon-list-text\"><b>\u2705 <\/b>maintenir la <b>continuit\u00e9 de service<\/b> et la <b>productivit\u00e9<\/b><\/span>\n\t\t\t\t\t\t\t\t\t<\/li>\n\t\t\t\t\t\t\t\t<li class=\"elementor-icon-list-item\">\n\t\t\t\t\t\t\t\t\t\t<span class=\"elementor-icon-list-text\"><b>\u2705 h\u00e9berger<\/b> et <b>administrer<\/b> le Syst\u00e8me d\u2019Information<\/span>\n\t\t\t\t\t\t\t\t\t<\/li>\n\t\t\t\t\t\t\t\t<li class=\"elementor-icon-list-item\">\n\t\t\t\t\t\t\t\t\t\t<span class=\"elementor-icon-list-text\"><b>\u2705 concevoir<\/b> et <b>d\u00e9velopper<\/b> des logiciels pour l\u2019expertise comptable<\/span>\n\t\t\t\t\t\t\t\t\t<\/li>\n\t\t\t\t\t\t\t\t<li class=\"elementor-icon-list-item\">\n\t\t\t\t\t\t\t\t\t\t<span class=\"elementor-icon-list-text\"><b>\u2705 <\/b>\u00eatre <b>experts S\u00e9curit\u00e9 <\/b> du Syst\u00e8me d\u2019Information<\/span>\n\t\t\t\t\t\t\t\t\t<\/li>\n\t\t\t\t\t\t<\/ul>\n\t\t\t\t\t\t<\/div>\n\t\t\t\t<\/div>\n\t\t\t\t\t<\/div>\n\t\t<\/div>\n\t\t\t\t\t<\/div>\n\t\t<\/section>\n\t\t\t\t<\/div>\n\t\t","protected":false},"excerpt":{"rendered":"<p>Nos principales missions sont : \u2705 assurer la mission de DSI &#8211; Direction des Syst\u00e8mes d\u2019Information \u2705 piloter des projets [&hellip;]<\/p>\n","protected":false},"author":1,"featured_media":0,"parent":0,"menu_order":0,"comment_status":"closed","ping_status":"closed","template":"","meta":{"site-sidebar-layout":"no-sidebar","site-content-layout":"page-builder","ast-site-content-layout":"default","site-content-style":"default","site-sidebar-style":"default","ast-global-header-display":"","ast-banner-title-visibility":"","ast-main-header-display":"","ast-hfb-above-header-display":"","ast-hfb-below-header-display":"","ast-hfb-mobile-header-display":"","site-post-title":"disabled","ast-breadcrumbs-content":"","ast-featured-img":"disabled","footer-sml-layout":"","ast-disable-related-posts":"","theme-transparent-header-meta":"","adv-header-id-meta":"","stick-header-meta":"","header-above-stick-meta":"","header-main-stick-meta":"","header-below-stick-meta":"","astra-migrate-meta-layouts":"default","ast-page-background-enabled":"default","ast-page-background-meta":{"desktop":{"background-color":"var(--ast-global-color-4)","background-image":"","background-repeat":"repeat","background-position":"center center","background-size":"auto","background-attachment":"scroll","background-type":"","background-media":"","overlay-type":"","overlay-color":"","overlay-opacity":"","overlay-gradient":""},"tablet":{"background-color":"","background-image":"","background-repeat":"repeat","background-position":"center center","background-size":"auto","background-attachment":"scroll","background-type":"","background-media":"","overlay-type":"","overlay-color":"","overlay-opacity":"","overlay-gradient":""},"mobile":{"background-color":"","background-image":"","background-repeat":"repeat","background-position":"center center","background-size":"auto","background-attachment":"scroll","background-type":"","background-media":"","overlay-type":"","overlay-color":"","overlay-opacity":"","overlay-gradient":""}},"ast-content-background-meta":{"desktop":{"background-color":"var(--ast-global-color-5)","background-image":"","background-repeat":"repeat","background-position":"center center","background-size":"auto","background-attachment":"scroll","background-type":"","background-media":"","overlay-type":"","overlay-color":"","overlay-opacity":"","overlay-gradient":""},"tablet":{"background-color":"var(--ast-global-color-5)","background-image":"","background-repeat":"repeat","background-position":"center center","background-size":"auto","background-attachment":"scroll","background-type":"","background-media":"","overlay-type":"","overlay-color":"","overlay-opacity":"","overlay-gradient":""},"mobile":{"background-color":"var(--ast-global-color-5)","background-image":"","background-repeat":"repeat","background-position":"center center","background-size":"auto","background-attachment":"scroll","background-type":"","background-media":"","overlay-type":"","overlay-color":"","overlay-opacity":"","overlay-gradient":""}},"footnotes":""},"class_list":["post-136","page","type-page","status-publish","hentry"],"yoast_head":"<!-- This site is optimized with the Yoast SEO plugin v27.4 - https:\/\/yoast.com\/product\/yoast-seo-wordpress\/ -->\n<title>Nos missions - Artic<\/title>\n<meta name=\"robots\" content=\"index, follow, max-snippet:-1, max-image-preview:large, max-video-preview:-1\" \/>\n<link rel=\"canonical\" href=\"https:\/\/www.artic.fr\/index.php\/nos-missions-2\/\" \/>\n<meta property=\"og:locale\" content=\"fr_FR\" \/>\n<meta property=\"og:type\" content=\"article\" \/>\n<meta property=\"og:title\" content=\"Nos missions - Artic\" \/>\n<meta property=\"og:description\" content=\"Nos principales missions sont : \u2705 assurer la mission de DSI &#8211; Direction des Syst\u00e8mes d\u2019Information \u2705 piloter des projets [&hellip;]\" \/>\n<meta property=\"og:url\" content=\"https:\/\/www.artic.fr\/index.php\/nos-missions-2\/\" \/>\n<meta property=\"og:site_name\" content=\"Artic\" \/>\n<meta property=\"article:modified_time\" content=\"2025-05-05T07:41:45+00:00\" \/>\n<meta name=\"twitter:card\" content=\"summary_large_image\" \/>\n<script type=\"application\/ld+json\" class=\"yoast-schema-graph\">{\"@context\":\"https:\\\/\\\/schema.org\",\"@graph\":[{\"@type\":\"WebPage\",\"@id\":\"https:\\\/\\\/www.artic.fr\\\/index.php\\\/nos-missions-2\\\/\",\"url\":\"https:\\\/\\\/www.artic.fr\\\/index.php\\\/nos-missions-2\\\/\",\"name\":\"Nos missions - Artic\",\"isPartOf\":{\"@id\":\"https:\\\/\\\/artic.fr\\\/#website\"},\"datePublished\":\"2024-10-04T16:48:05+00:00\",\"dateModified\":\"2025-05-05T07:41:45+00:00\",\"breadcrumb\":{\"@id\":\"https:\\\/\\\/www.artic.fr\\\/index.php\\\/nos-missions-2\\\/#breadcrumb\"},\"inLanguage\":\"fr-FR\",\"potentialAction\":[{\"@type\":\"ReadAction\",\"target\":[\"https:\\\/\\\/www.artic.fr\\\/index.php\\\/nos-missions-2\\\/\"]}]},{\"@type\":\"BreadcrumbList\",\"@id\":\"https:\\\/\\\/www.artic.fr\\\/index.php\\\/nos-missions-2\\\/#breadcrumb\",\"itemListElement\":[{\"@type\":\"ListItem\",\"position\":1,\"name\":\"Accueil\",\"item\":\"https:\\\/\\\/artic.fr\\\/\"},{\"@type\":\"ListItem\",\"position\":2,\"name\":\"Nos missions\"}]},{\"@type\":\"WebSite\",\"@id\":\"https:\\\/\\\/artic.fr\\\/#website\",\"url\":\"https:\\\/\\\/artic.fr\\\/\",\"name\":\"Artic, Direction des services informatiques des Cerfrance Normandie-Maine\",\"description\":\"\",\"publisher\":{\"@id\":\"https:\\\/\\\/artic.fr\\\/#organization\"},\"potentialAction\":[{\"@type\":\"SearchAction\",\"target\":{\"@type\":\"EntryPoint\",\"urlTemplate\":\"https:\\\/\\\/artic.fr\\\/?s={search_term_string}\"},\"query-input\":{\"@type\":\"PropertyValueSpecification\",\"valueRequired\":true,\"valueName\":\"search_term_string\"}}],\"inLanguage\":\"fr-FR\"},{\"@type\":\"Organization\",\"@id\":\"https:\\\/\\\/artic.fr\\\/#organization\",\"name\":\"Artic\",\"url\":\"https:\\\/\\\/artic.fr\\\/\",\"logo\":{\"@type\":\"ImageObject\",\"inLanguage\":\"fr-FR\",\"@id\":\"https:\\\/\\\/artic.fr\\\/#\\\/schema\\\/logo\\\/image\\\/\",\"url\":\"\\\/wp-content\\\/uploads\\\/2024\\\/10\\\/cropped-logo-artic.png\",\"contentUrl\":\"\\\/wp-content\\\/uploads\\\/2024\\\/10\\\/cropped-logo-artic.png\",\"width\":183,\"height\":61,\"caption\":\"Artic\"},\"image\":{\"@id\":\"https:\\\/\\\/artic.fr\\\/#\\\/schema\\\/logo\\\/image\\\/\"},\"sameAs\":[\"https:\\\/\\\/www.linkedin.com\\\/company\\\/gieartic\\\/posts\\\/?feedView=all\"]}]}<\/script>\n<!-- \/ Yoast SEO plugin. -->","yoast_head_json":{"title":"Nos missions - Artic","robots":{"index":"index","follow":"follow","max-snippet":"max-snippet:-1","max-image-preview":"max-image-preview:large","max-video-preview":"max-video-preview:-1"},"canonical":"https:\/\/www.artic.fr\/index.php\/nos-missions-2\/","og_locale":"fr_FR","og_type":"article","og_title":"Nos missions - Artic","og_description":"Nos principales missions sont : \u2705 assurer la mission de DSI &#8211; Direction des Syst\u00e8mes d\u2019Information \u2705 piloter des projets [&hellip;]","og_url":"https:\/\/www.artic.fr\/index.php\/nos-missions-2\/","og_site_name":"Artic","article_modified_time":"2025-05-05T07:41:45+00:00","twitter_card":"summary_large_image","schema":{"@context":"https:\/\/schema.org","@graph":[{"@type":"WebPage","@id":"https:\/\/www.artic.fr\/index.php\/nos-missions-2\/","url":"https:\/\/www.artic.fr\/index.php\/nos-missions-2\/","name":"Nos missions - Artic","isPartOf":{"@id":"https:\/\/artic.fr\/#website"},"datePublished":"2024-10-04T16:48:05+00:00","dateModified":"2025-05-05T07:41:45+00:00","breadcrumb":{"@id":"https:\/\/www.artic.fr\/index.php\/nos-missions-2\/#breadcrumb"},"inLanguage":"fr-FR","potentialAction":[{"@type":"ReadAction","target":["https:\/\/www.artic.fr\/index.php\/nos-missions-2\/"]}]},{"@type":"BreadcrumbList","@id":"https:\/\/www.artic.fr\/index.php\/nos-missions-2\/#breadcrumb","itemListElement":[{"@type":"ListItem","position":1,"name":"Accueil","item":"https:\/\/artic.fr\/"},{"@type":"ListItem","position":2,"name":"Nos missions"}]},{"@type":"WebSite","@id":"https:\/\/artic.fr\/#website","url":"https:\/\/artic.fr\/","name":"Artic, Direction des services informatiques des Cerfrance Normandie-Maine","description":"","publisher":{"@id":"https:\/\/artic.fr\/#organization"},"potentialAction":[{"@type":"SearchAction","target":{"@type":"EntryPoint","urlTemplate":"https:\/\/artic.fr\/?s={search_term_string}"},"query-input":{"@type":"PropertyValueSpecification","valueRequired":true,"valueName":"search_term_string"}}],"inLanguage":"fr-FR"},{"@type":"Organization","@id":"https:\/\/artic.fr\/#organization","name":"Artic","url":"https:\/\/artic.fr\/","logo":{"@type":"ImageObject","inLanguage":"fr-FR","@id":"https:\/\/artic.fr\/#\/schema\/logo\/image\/","url":"\/wp-content\/uploads\/2024\/10\/cropped-logo-artic.png","contentUrl":"\/wp-content\/uploads\/2024\/10\/cropped-logo-artic.png","width":183,"height":61,"caption":"Artic"},"image":{"@id":"https:\/\/artic.fr\/#\/schema\/logo\/image\/"},"sameAs":["https:\/\/www.linkedin.com\/company\/gieartic\/posts\/?feedView=all"]}]}},"_links":{"self":[{"href":"https:\/\/www.artic.fr\/index.php\/wp-json\/wp\/v2\/pages\/136","targetHints":{"allow":["GET"]}}],"collection":[{"href":"https:\/\/www.artic.fr\/index.php\/wp-json\/wp\/v2\/pages"}],"about":[{"href":"https:\/\/www.artic.fr\/index.php\/wp-json\/wp\/v2\/types\/page"}],"author":[{"embeddable":true,"href":"https:\/\/www.artic.fr\/index.php\/wp-json\/wp\/v2\/users\/1"}],"replies":[{"embeddable":true,"href":"https:\/\/www.artic.fr\/index.php\/wp-json\/wp\/v2\/comments?post=136"}],"version-history":[{"count":16,"href":"https:\/\/www.artic.fr\/index.php\/wp-json\/wp\/v2\/pages\/136\/revisions"}],"predecessor-version":[{"id":708,"href":"https:\/\/www.artic.fr\/index.php\/wp-json\/wp\/v2\/pages\/136\/revisions\/708"}],"wp:attachment":[{"href":"https:\/\/www.artic.fr\/index.php\/wp-json\/wp\/v2\/media?parent=136"}],"curies":[{"name":"wp","href":"https:\/\/api.w.org\/{rel}","templated":true}]}}