{"id":118,"date":"2024-10-04T18:48:05","date_gmt":"2024-10-04T16:48:05","guid":{"rendered":"http:\/\/10.101.1.48\/index.php\/nos-equipes-2\/"},"modified":"2025-01-06T11:01:23","modified_gmt":"2025-01-06T10:01:23","slug":"nos-equipes-2","status":"publish","type":"page","link":"https:\/\/www.artic.fr\/index.php\/nos-equipes-2\/","title":{"rendered":"Nos \u00e9quipes"},"content":{"rendered":"\t\t<div data-elementor-type=\"wp-page\" data-elementor-id=\"118\" class=\"elementor elementor-118\">\n\t\t\t\t\t\t<section class=\"elementor-section elementor-top-section elementor-element elementor-element-b8c6866 elementor-section-boxed elementor-section-height-default elementor-section-height-default\" data-id=\"b8c6866\" data-element_type=\"section\" data-e-type=\"section\">\n\t\t\t\t\t\t<div class=\"elementor-container elementor-column-gap-default\">\n\t\t\t\t\t<div class=\"elementor-column elementor-col-33 elementor-top-column elementor-element elementor-element-eab6e24\" data-id=\"eab6e24\" data-element_type=\"column\" data-e-type=\"column\">\n\t\t\t<div class=\"elementor-widget-wrap elementor-element-populated\">\n\t\t\t\t\t\t<div class=\"elementor-element elementor-element-15c67176 elementor-widget elementor-widget-image\" data-id=\"15c67176\" data-element_type=\"widget\" data-e-type=\"widget\" data-widget_type=\"image.default\">\n\t\t\t\t<div class=\"elementor-widget-container\">\n\t\t\t\t\t\t\t\t\t\t\t\t<figure class=\"wp-caption\">\n\t\t\t\t\t\t\t\t\t\t\t<a href=\"https:\/\/www.artic.fr\/index.php\/description-cds-2\/\">\n\t\t\t\t\t\t\t<img fetchpriority=\"high\" decoding=\"async\" width=\"500\" height=\"300\" src=\"\/wp-content\/uploads\/2024\/10\/Cds.png\" class=\"attachment-large size-large wp-image-424\" alt=\"\" srcset=\"\/wp-content\/uploads\/2024\/10\/Cds.png 500w, \/wp-content\/uploads\/2024\/10\/Cds-300x180.png 300w\" sizes=\"(max-width: 500px) 100vw, 500px\" \/>\t\t\t\t\t\t\t\t<\/a>\n\t\t\t\t\t\t\t\t\t\t\t<figcaption class=\"widget-image-caption wp-caption-text\">Centre de Services<\/figcaption>\n\t\t\t\t\t\t\t\t\t\t<\/figure>\n\t\t\t\t\t\t\t\t\t<\/div>\n\t\t\t\t<\/div>\n\t\t\t\t\t<\/div>\n\t\t<\/div>\n\t\t\t\t<div class=\"elementor-column elementor-col-33 elementor-top-column elementor-element elementor-element-4867410b\" data-id=\"4867410b\" data-element_type=\"column\" data-e-type=\"column\">\n\t\t\t<div class=\"elementor-widget-wrap elementor-element-populated\">\n\t\t\t\t\t\t<div class=\"elementor-element elementor-element-1e249f12 elementor-widget elementor-widget-image\" data-id=\"1e249f12\" data-element_type=\"widget\" data-e-type=\"widget\" data-widget_type=\"image.default\">\n\t\t\t\t<div class=\"elementor-widget-container\">\n\t\t\t\t\t\t\t\t\t\t\t\t<figure class=\"wp-caption\">\n\t\t\t\t\t\t\t\t\t\t\t<a href=\"https:\/\/www.artic.fr\/index.php\/description-sis-2\/\">\n\t\t\t\t\t\t\t<img decoding=\"async\" width=\"500\" height=\"300\" src=\"\/wp-content\/uploads\/2024\/10\/SIS.jpg\" class=\"attachment-large size-large wp-image-429\" alt=\"\" srcset=\"\/wp-content\/uploads\/2024\/10\/SIS.jpg 500w, \/wp-content\/uploads\/2024\/10\/SIS-300x180.jpg 300w\" sizes=\"(max-width: 500px) 100vw, 500px\" \/>\t\t\t\t\t\t\t\t<\/a>\n\t\t\t\t\t\t\t\t\t\t\t<figcaption class=\"widget-image-caption wp-caption-text\">Syst\u00e8me, Infrastructure et Supervision<\/figcaption>\n\t\t\t\t\t\t\t\t\t\t<\/figure>\n\t\t\t\t\t\t\t\t\t<\/div>\n\t\t\t\t<\/div>\n\t\t\t\t\t<\/div>\n\t\t<\/div>\n\t\t\t\t<div class=\"elementor-column elementor-col-33 elementor-top-column elementor-element elementor-element-30de27b8\" data-id=\"30de27b8\" data-element_type=\"column\" data-e-type=\"column\">\n\t\t\t<div class=\"elementor-widget-wrap elementor-element-populated\">\n\t\t\t\t\t\t<div class=\"elementor-element elementor-element-1f070059 elementor-widget elementor-widget-image\" data-id=\"1f070059\" data-element_type=\"widget\" data-e-type=\"widget\" data-widget_type=\"image.default\">\n\t\t\t\t<div class=\"elementor-widget-container\">\n\t\t\t\t\t\t\t\t\t\t\t\t<figure class=\"wp-caption\">\n\t\t\t\t\t\t\t\t\t\t\t<a href=\"https:\/\/www.artic.fr\/index.php\/description-ed-2\/\">\n\t\t\t\t\t\t\t<img decoding=\"async\" width=\"500\" height=\"300\" src=\"\/wp-content\/uploads\/2024\/10\/E_D.jpg\" class=\"attachment-large size-large wp-image-426\" alt=\"\" srcset=\"\/wp-content\/uploads\/2024\/10\/E_D.jpg 500w, \/wp-content\/uploads\/2024\/10\/E_D-300x180.jpg 300w\" sizes=\"(max-width: 500px) 100vw, 500px\" \/>\t\t\t\t\t\t\t\t<\/a>\n\t\t\t\t\t\t\t\t\t\t\t<figcaption class=\"widget-image-caption wp-caption-text\">Etudes et D\u00e9veloppements<\/figcaption>\n\t\t\t\t\t\t\t\t\t\t<\/figure>\n\t\t\t\t\t\t\t\t\t<\/div>\n\t\t\t\t<\/div>\n\t\t\t\t\t<\/div>\n\t\t<\/div>\n\t\t\t\t\t<\/div>\n\t\t<\/section>\n\t\t\t\t<section class=\"elementor-section elementor-top-section elementor-element elementor-element-18e63dbc elementor-section-boxed elementor-section-height-default elementor-section-height-default\" data-id=\"18e63dbc\" data-element_type=\"section\" data-e-type=\"section\">\n\t\t\t\t\t\t<div class=\"elementor-container elementor-column-gap-default\">\n\t\t\t\t\t<div class=\"elementor-column elementor-col-33 elementor-top-column elementor-element elementor-element-55423edd\" data-id=\"55423edd\" data-element_type=\"column\" data-e-type=\"column\">\n\t\t\t<div class=\"elementor-widget-wrap elementor-element-populated\">\n\t\t\t\t\t\t<div class=\"elementor-element elementor-element-60432df4 elementor-widget elementor-widget-image\" data-id=\"60432df4\" data-element_type=\"widget\" data-e-type=\"widget\" data-widget_type=\"image.default\">\n\t\t\t\t<div class=\"elementor-widget-container\">\n\t\t\t\t\t\t\t\t\t\t\t\t<figure class=\"wp-caption\">\n\t\t\t\t\t\t\t\t\t\t\t<a href=\"https:\/\/www.artic.fr\/index.php\/description-projets-2\/\">\n\t\t\t\t\t\t\t<img loading=\"lazy\" decoding=\"async\" width=\"500\" height=\"300\" src=\"\/wp-content\/uploads\/2024\/10\/Projet-Site.png\" class=\"attachment-large size-large wp-image-427\" alt=\"\" srcset=\"\/wp-content\/uploads\/2024\/10\/Projet-Site.png 500w, \/wp-content\/uploads\/2024\/10\/Projet-Site-300x180.png 300w\" sizes=\"(max-width: 500px) 100vw, 500px\" \/>\t\t\t\t\t\t\t\t<\/a>\n\t\t\t\t\t\t\t\t\t\t\t<figcaption class=\"widget-image-caption wp-caption-text\">Projets<\/figcaption>\n\t\t\t\t\t\t\t\t\t\t<\/figure>\n\t\t\t\t\t\t\t\t\t<\/div>\n\t\t\t\t<\/div>\n\t\t\t\t\t<\/div>\n\t\t<\/div>\n\t\t\t\t<div class=\"elementor-column elementor-col-33 elementor-top-column elementor-element elementor-element-35c13054\" data-id=\"35c13054\" data-element_type=\"column\" data-e-type=\"column\">\n\t\t\t<div class=\"elementor-widget-wrap elementor-element-populated\">\n\t\t\t\t\t\t<div class=\"elementor-element elementor-element-bed2b2a elementor-widget elementor-widget-image\" data-id=\"bed2b2a\" data-element_type=\"widget\" data-e-type=\"widget\" data-widget_type=\"image.default\">\n\t\t\t\t<div class=\"elementor-widget-container\">\n\t\t\t\t\t\t\t\t\t\t\t\t<figure class=\"wp-caption\">\n\t\t\t\t\t\t\t\t\t\t\t<a href=\"https:\/\/www.artic.fr\/index.php\/description-saf-2\/\">\n\t\t\t\t\t\t\t<img loading=\"lazy\" decoding=\"async\" width=\"500\" height=\"300\" src=\"\/wp-content\/uploads\/2024\/10\/SAF.jpg\" class=\"attachment-large size-large wp-image-428\" alt=\"\" srcset=\"\/wp-content\/uploads\/2024\/10\/SAF.jpg 500w, \/wp-content\/uploads\/2024\/10\/SAF-300x180.jpg 300w\" sizes=\"(max-width: 500px) 100vw, 500px\" \/>\t\t\t\t\t\t\t\t<\/a>\n\t\t\t\t\t\t\t\t\t\t\t<figcaption class=\"widget-image-caption wp-caption-text\">Service Administratif et Financier<\/figcaption>\n\t\t\t\t\t\t\t\t\t\t<\/figure>\n\t\t\t\t\t\t\t\t\t<\/div>\n\t\t\t\t<\/div>\n\t\t\t\t\t<\/div>\n\t\t<\/div>\n\t\t\t\t<div class=\"elementor-column elementor-col-33 elementor-top-column elementor-element elementor-element-10d37656\" data-id=\"10d37656\" data-element_type=\"column\" data-e-type=\"column\">\n\t\t\t<div class=\"elementor-widget-wrap elementor-element-populated\">\n\t\t\t\t\t\t<div class=\"elementor-element elementor-element-7ee2fcb2 elementor-widget elementor-widget-image\" data-id=\"7ee2fcb2\" data-element_type=\"widget\" data-e-type=\"widget\" data-widget_type=\"image.default\">\n\t\t\t\t<div class=\"elementor-widget-container\">\n\t\t\t\t\t\t\t\t\t\t\t\t<figure class=\"wp-caption\">\n\t\t\t\t\t\t\t\t\t\t\t<a href=\"https:\/\/www.artic.fr\/index.php\/description-direction-2\/\">\n\t\t\t\t\t\t\t<img loading=\"lazy\" decoding=\"async\" width=\"500\" height=\"300\" src=\"\/wp-content\/uploads\/2024\/10\/Direction-generale.jpg\" class=\"attachment-large size-large wp-image-425\" alt=\"\" srcset=\"\/wp-content\/uploads\/2024\/10\/Direction-generale.jpg 500w, \/wp-content\/uploads\/2024\/10\/Direction-generale-300x180.jpg 300w\" sizes=\"(max-width: 500px) 100vw, 500px\" \/>\t\t\t\t\t\t\t\t<\/a>\n\t\t\t\t\t\t\t\t\t\t\t<figcaption class=\"widget-image-caption wp-caption-text\">Direction G\u00e9n\u00e9rale<\/figcaption>\n\t\t\t\t\t\t\t\t\t\t<\/figure>\n\t\t\t\t\t\t\t\t\t<\/div>\n\t\t\t\t<\/div>\n\t\t\t\t\t<\/div>\n\t\t<\/div>\n\t\t\t\t\t<\/div>\n\t\t<\/section>\n\t\t\t\t<\/div>\n\t\t","protected":false},"excerpt":{"rendered":"<p>Centre de Services Syst\u00e8me, Infrastructure et Supervision Etudes et D\u00e9veloppements Projets Service Administratif et Financier Direction G\u00e9n\u00e9rale<\/p>\n","protected":false},"author":1,"featured_media":0,"parent":0,"menu_order":0,"comment_status":"closed","ping_status":"closed","template":"","meta":{"site-sidebar-layout":"no-sidebar","site-content-layout":"page-builder","ast-site-content-layout":"default","site-content-style":"default","site-sidebar-style":"default","ast-global-header-display":"","ast-banner-title-visibility":"","ast-main-header-display":"","ast-hfb-above-header-display":"","ast-hfb-below-header-display":"","ast-hfb-mobile-header-display":"","site-post-title":"disabled","ast-breadcrumbs-content":"","ast-featured-img":"disabled","footer-sml-layout":"","ast-disable-related-posts":"","theme-transparent-header-meta":"","adv-header-id-meta":"","stick-header-meta":"","header-above-stick-meta":"","header-main-stick-meta":"","header-below-stick-meta":"","astra-migrate-meta-layouts":"default","ast-page-background-enabled":"default","ast-page-background-meta":{"desktop":{"background-color":"var(--ast-global-color-4)","background-image":"","background-repeat":"repeat","background-position":"center center","background-size":"auto","background-attachment":"scroll","background-type":"","background-media":"","overlay-type":"","overlay-color":"","overlay-opacity":"","overlay-gradient":""},"tablet":{"background-color":"","background-image":"","background-repeat":"repeat","background-position":"center center","background-size":"auto","background-attachment":"scroll","background-type":"","background-media":"","overlay-type":"","overlay-color":"","overlay-opacity":"","overlay-gradient":""},"mobile":{"background-color":"","background-image":"","background-repeat":"repeat","background-position":"center center","background-size":"auto","background-attachment":"scroll","background-type":"","background-media":"","overlay-type":"","overlay-color":"","overlay-opacity":"","overlay-gradient":""}},"ast-content-background-meta":{"desktop":{"background-color":"var(--ast-global-color-5)","background-image":"","background-repeat":"repeat","background-position":"center center","background-size":"auto","background-attachment":"scroll","background-type":"","background-media":"","overlay-type":"","overlay-color":"","overlay-opacity":"","overlay-gradient":""},"tablet":{"background-color":"var(--ast-global-color-5)","background-image":"","background-repeat":"repeat","background-position":"center center","background-size":"auto","background-attachment":"scroll","background-type":"","background-media":"","overlay-type":"","overlay-color":"","overlay-opacity":"","overlay-gradient":""},"mobile":{"background-color":"var(--ast-global-color-5)","background-image":"","background-repeat":"repeat","background-position":"center center","background-size":"auto","background-attachment":"scroll","background-type":"","background-media":"","overlay-type":"","overlay-color":"","overlay-opacity":"","overlay-gradient":""}},"footnotes":""},"class_list":["post-118","page","type-page","status-publish","hentry"],"yoast_head":"<!-- This site is optimized with the Yoast SEO plugin v27.4 - https:\/\/yoast.com\/product\/yoast-seo-wordpress\/ -->\n<title>Nos \u00e9quipes - Artic<\/title>\n<meta name=\"robots\" content=\"index, follow, max-snippet:-1, max-image-preview:large, max-video-preview:-1\" \/>\n<link rel=\"canonical\" href=\"https:\/\/artic.fr\/index.php\/nos-equipes-2\/\" \/>\n<meta property=\"og:locale\" content=\"fr_FR\" \/>\n<meta property=\"og:type\" content=\"article\" \/>\n<meta property=\"og:title\" content=\"Nos \u00e9quipes - Artic\" \/>\n<meta property=\"og:description\" content=\"Centre de Services Syst\u00e8me, Infrastructure et Supervision Etudes et D\u00e9veloppements Projets Service Administratif et Financier Direction G\u00e9n\u00e9rale\" \/>\n<meta property=\"og:url\" content=\"https:\/\/artic.fr\/index.php\/nos-equipes-2\/\" \/>\n<meta property=\"og:site_name\" content=\"Artic\" \/>\n<meta property=\"article:modified_time\" content=\"2025-01-06T10:01:23+00:00\" \/>\n<meta name=\"twitter:card\" content=\"summary_large_image\" \/>\n<script type=\"application\/ld+json\" class=\"yoast-schema-graph\">{\"@context\":\"https:\\\/\\\/schema.org\",\"@graph\":[{\"@type\":\"WebPage\",\"@id\":\"https:\\\/\\\/artic.fr\\\/index.php\\\/nos-equipes-2\\\/\",\"url\":\"https:\\\/\\\/artic.fr\\\/index.php\\\/nos-equipes-2\\\/\",\"name\":\"Nos \u00e9quipes - Artic\",\"isPartOf\":{\"@id\":\"https:\\\/\\\/artic.fr\\\/#website\"},\"datePublished\":\"2024-10-04T16:48:05+00:00\",\"dateModified\":\"2025-01-06T10:01:23+00:00\",\"breadcrumb\":{\"@id\":\"https:\\\/\\\/artic.fr\\\/index.php\\\/nos-equipes-2\\\/#breadcrumb\"},\"inLanguage\":\"fr-FR\",\"potentialAction\":[{\"@type\":\"ReadAction\",\"target\":[\"https:\\\/\\\/artic.fr\\\/index.php\\\/nos-equipes-2\\\/\"]}]},{\"@type\":\"BreadcrumbList\",\"@id\":\"https:\\\/\\\/artic.fr\\\/index.php\\\/nos-equipes-2\\\/#breadcrumb\",\"itemListElement\":[{\"@type\":\"ListItem\",\"position\":1,\"name\":\"Accueil\",\"item\":\"https:\\\/\\\/www.artic.fr\\\/\"},{\"@type\":\"ListItem\",\"position\":2,\"name\":\"Nos \u00e9quipes\"}]},{\"@type\":\"WebSite\",\"@id\":\"https:\\\/\\\/artic.fr\\\/#website\",\"url\":\"https:\\\/\\\/artic.fr\\\/\",\"name\":\"Artic, Direction des services informatiques des Cerfrance Normandie-Maine\",\"description\":\"\",\"publisher\":{\"@id\":\"https:\\\/\\\/artic.fr\\\/#organization\"},\"potentialAction\":[{\"@type\":\"SearchAction\",\"target\":{\"@type\":\"EntryPoint\",\"urlTemplate\":\"https:\\\/\\\/artic.fr\\\/?s={search_term_string}\"},\"query-input\":{\"@type\":\"PropertyValueSpecification\",\"valueRequired\":true,\"valueName\":\"search_term_string\"}}],\"inLanguage\":\"fr-FR\"},{\"@type\":\"Organization\",\"@id\":\"https:\\\/\\\/artic.fr\\\/#organization\",\"name\":\"Artic\",\"url\":\"https:\\\/\\\/artic.fr\\\/\",\"logo\":{\"@type\":\"ImageObject\",\"inLanguage\":\"fr-FR\",\"@id\":\"https:\\\/\\\/artic.fr\\\/#\\\/schema\\\/logo\\\/image\\\/\",\"url\":\"\\\/wp-content\\\/uploads\\\/2024\\\/10\\\/cropped-logo-artic.png\",\"contentUrl\":\"\\\/wp-content\\\/uploads\\\/2024\\\/10\\\/cropped-logo-artic.png\",\"width\":183,\"height\":61,\"caption\":\"Artic\"},\"image\":{\"@id\":\"https:\\\/\\\/artic.fr\\\/#\\\/schema\\\/logo\\\/image\\\/\"},\"sameAs\":[\"https:\\\/\\\/www.linkedin.com\\\/company\\\/gieartic\\\/posts\\\/?feedView=all\"]}]}<\/script>\n<!-- \/ Yoast SEO plugin. -->","yoast_head_json":{"title":"Nos \u00e9quipes - Artic","robots":{"index":"index","follow":"follow","max-snippet":"max-snippet:-1","max-image-preview":"max-image-preview:large","max-video-preview":"max-video-preview:-1"},"canonical":"https:\/\/artic.fr\/index.php\/nos-equipes-2\/","og_locale":"fr_FR","og_type":"article","og_title":"Nos \u00e9quipes - Artic","og_description":"Centre de Services Syst\u00e8me, Infrastructure et Supervision Etudes et D\u00e9veloppements Projets Service Administratif et Financier Direction G\u00e9n\u00e9rale","og_url":"https:\/\/artic.fr\/index.php\/nos-equipes-2\/","og_site_name":"Artic","article_modified_time":"2025-01-06T10:01:23+00:00","twitter_card":"summary_large_image","schema":{"@context":"https:\/\/schema.org","@graph":[{"@type":"WebPage","@id":"https:\/\/artic.fr\/index.php\/nos-equipes-2\/","url":"https:\/\/artic.fr\/index.php\/nos-equipes-2\/","name":"Nos \u00e9quipes - Artic","isPartOf":{"@id":"https:\/\/artic.fr\/#website"},"datePublished":"2024-10-04T16:48:05+00:00","dateModified":"2025-01-06T10:01:23+00:00","breadcrumb":{"@id":"https:\/\/artic.fr\/index.php\/nos-equipes-2\/#breadcrumb"},"inLanguage":"fr-FR","potentialAction":[{"@type":"ReadAction","target":["https:\/\/artic.fr\/index.php\/nos-equipes-2\/"]}]},{"@type":"BreadcrumbList","@id":"https:\/\/artic.fr\/index.php\/nos-equipes-2\/#breadcrumb","itemListElement":[{"@type":"ListItem","position":1,"name":"Accueil","item":"https:\/\/www.artic.fr\/"},{"@type":"ListItem","position":2,"name":"Nos \u00e9quipes"}]},{"@type":"WebSite","@id":"https:\/\/artic.fr\/#website","url":"https:\/\/artic.fr\/","name":"Artic, Direction des services informatiques des Cerfrance Normandie-Maine","description":"","publisher":{"@id":"https:\/\/artic.fr\/#organization"},"potentialAction":[{"@type":"SearchAction","target":{"@type":"EntryPoint","urlTemplate":"https:\/\/artic.fr\/?s={search_term_string}"},"query-input":{"@type":"PropertyValueSpecification","valueRequired":true,"valueName":"search_term_string"}}],"inLanguage":"fr-FR"},{"@type":"Organization","@id":"https:\/\/artic.fr\/#organization","name":"Artic","url":"https:\/\/artic.fr\/","logo":{"@type":"ImageObject","inLanguage":"fr-FR","@id":"https:\/\/artic.fr\/#\/schema\/logo\/image\/","url":"\/wp-content\/uploads\/2024\/10\/cropped-logo-artic.png","contentUrl":"\/wp-content\/uploads\/2024\/10\/cropped-logo-artic.png","width":183,"height":61,"caption":"Artic"},"image":{"@id":"https:\/\/artic.fr\/#\/schema\/logo\/image\/"},"sameAs":["https:\/\/www.linkedin.com\/company\/gieartic\/posts\/?feedView=all"]}]}},"_links":{"self":[{"href":"https:\/\/www.artic.fr\/index.php\/wp-json\/wp\/v2\/pages\/118","targetHints":{"allow":["GET"]}}],"collection":[{"href":"https:\/\/www.artic.fr\/index.php\/wp-json\/wp\/v2\/pages"}],"about":[{"href":"https:\/\/www.artic.fr\/index.php\/wp-json\/wp\/v2\/types\/page"}],"author":[{"embeddable":true,"href":"https:\/\/www.artic.fr\/index.php\/wp-json\/wp\/v2\/users\/1"}],"replies":[{"embeddable":true,"href":"https:\/\/www.artic.fr\/index.php\/wp-json\/wp\/v2\/comments?post=118"}],"version-history":[{"count":16,"href":"https:\/\/www.artic.fr\/index.php\/wp-json\/wp\/v2\/pages\/118\/revisions"}],"predecessor-version":[{"id":522,"href":"https:\/\/www.artic.fr\/index.php\/wp-json\/wp\/v2\/pages\/118\/revisions\/522"}],"wp:attachment":[{"href":"https:\/\/www.artic.fr\/index.php\/wp-json\/wp\/v2\/media?parent=118"}],"curies":[{"name":"wp","href":"https:\/\/api.w.org\/{rel}","templated":true}]}}