{"id":115,"date":"2024-10-04T18:48:05","date_gmt":"2024-10-04T16:48:05","guid":{"rendered":"http:\/\/10.101.1.48\/index.php\/description-cds-2\/"},"modified":"2025-05-05T10:04:22","modified_gmt":"2025-05-05T08:04:22","slug":"description-cds-2","status":"publish","type":"page","link":"https:\/\/www.artic.fr\/index.php\/description-cds-2\/","title":{"rendered":"Description CDS"},"content":{"rendered":"\t\t<div data-elementor-type=\"wp-page\" data-elementor-id=\"115\" class=\"elementor elementor-115\">\n\t\t\t\t\t\t<section class=\"elementor-section elementor-top-section elementor-element elementor-element-b77f008 elementor-section-boxed elementor-section-height-default elementor-section-height-default\" data-id=\"b77f008\" data-element_type=\"section\" data-e-type=\"section\">\n\t\t\t\t\t\t<div class=\"elementor-container elementor-column-gap-default\">\n\t\t\t\t\t<div class=\"elementor-column elementor-col-100 elementor-top-column elementor-element elementor-element-19cb4118\" data-id=\"19cb4118\" data-element_type=\"column\" data-e-type=\"column\">\n\t\t\t<div class=\"elementor-widget-wrap elementor-element-populated\">\n\t\t\t\t\t\t<section class=\"elementor-section elementor-inner-section elementor-element elementor-element-66aaf354 elementor-section-boxed elementor-section-height-default elementor-section-height-default\" data-id=\"66aaf354\" data-element_type=\"section\" data-e-type=\"section\">\n\t\t\t\t\t\t<div class=\"elementor-container elementor-column-gap-default\">\n\t\t\t\t\t<div class=\"elementor-column elementor-col-50 elementor-inner-column elementor-element elementor-element-4acfc9cb\" data-id=\"4acfc9cb\" data-element_type=\"column\" data-e-type=\"column\">\n\t\t\t<div class=\"elementor-widget-wrap elementor-element-populated\">\n\t\t\t\t\t\t<div class=\"elementor-element elementor-element-6a6a068c elementor-widget elementor-widget-text-editor\" data-id=\"6a6a068c\" data-element_type=\"widget\" data-e-type=\"widget\" data-widget_type=\"text-editor.default\">\n\t\t\t\t<div class=\"elementor-widget-container\">\n\t\t\t\t\t\t\t\t\t<p dir=\"ltr\" style=\"line-height: 1.38; text-align: justify; margin-top: 0pt; margin-bottom: 0pt;\"><span style=\"font-size: 11pt; font-family: Arial, sans-serif; color: #808080; background-color: transparent; font-weight: 400; font-style: normal; font-variant: normal; text-decoration: none; vertical-align: baseline; white-space: pre-wrap;\">Le <strong>Centre de Services<\/strong> joue un r\u00f4le crucial dans le maintien de la productivit\u00e9 et de la continuit\u00e9 de service. <\/span><\/p><p dir=\"ltr\" style=\"line-height: 1.38; text-align: justify; margin-top: 0pt; margin-bottom: 0pt;\"><span style=\"font-size: 11pt; font-family: Arial, sans-serif; color: #808080; background-color: transparent; font-weight: 400; font-style: normal; font-variant: normal; text-decoration: none; vertical-align: baseline; white-space: pre-wrap;\">\u00a0<\/span><\/p><p dir=\"ltr\" style=\"line-height: 1.38; text-align: justify; margin-top: 0pt; margin-bottom: 0pt;\"><span style=\"font-size: 11pt; font-family: Arial, sans-serif; color: #808080; background-color: transparent; font-weight: 400; font-style: normal; font-variant: normal; text-decoration: none; vertical-align: baseline; white-space: pre-wrap;\">Il assure plusieurs missions pour garantir le bon fonctionnement des syst\u00e8mes informatiques mis \u00e0 la disposition des collaborateurs du Cerfrance et de leurs clients.<\/span><\/p><p dir=\"ltr\" style=\"line-height: 1.38; text-align: justify; margin-top: 0pt; margin-bottom: 0pt;\"><span style=\"font-size: 11pt; font-family: Arial, sans-serif; color: #808080; background-color: transparent; font-weight: 400; font-style: normal; font-variant: normal; text-decoration: none; vertical-align: baseline; white-space: pre-wrap;\">\u00a0<\/span><\/p><p dir=\"ltr\" style=\"line-height: 1.38; text-align: justify; margin-top: 0pt; margin-bottom: 0pt;\"><span style=\"color: #808080; font-family: Arial, sans-serif; background-color: transparent; font-size: 14.6667px; white-space-collapse: preserve; font-style: inherit; font-weight: inherit;\">Ces missions sont assur\u00e9es par <strong>3 entit\u00e9s distinctes<\/strong> : <\/span><\/p><p dir=\"ltr\" style=\"line-height: 1.38; text-align: justify; margin-top: 0pt; margin-bottom: 0pt;\"><span style=\"color: #808080; font-family: Arial, sans-serif; background-color: transparent; font-size: 14.6667px; white-space-collapse: preserve; font-style: inherit; font-weight: inherit;\">\u00a0<\/span><\/p><ul><li dir=\"ltr\" style=\"line-height: 1.38; text-align: justify;\"><span style=\"background-color: transparent; font-variant-numeric: normal; font-variant-east-asian: normal; font-variant-alternates: normal; font-variant-position: normal; vertical-align: baseline; font-size: 14.6667px; white-space-collapse: preserve; color: #808080;\"><span style=\"font-family: Arial, sans-serif;\">le support<\/span><\/span><\/li><\/ul><ul><li dir=\"ltr\" style=\"line-height: 1.38; text-align: justify;\"><span style=\"background-color: transparent; font-variant-numeric: normal; font-variant-east-asian: normal; font-variant-alternates: normal; font-variant-position: normal; vertical-align: baseline; font-size: 14.6667px; white-space-collapse: preserve; color: #808080;\"><span style=\"font-family: Arial, sans-serif;\">le p\u00f4le actifs<\/span><\/span><\/li><\/ul><ul><li dir=\"ltr\" style=\"line-height: 1.38; text-align: justify;\"><span style=\"background-color: transparent; font-variant-numeric: normal; font-variant-east-asian: normal; font-variant-alternates: normal; font-variant-position: normal; vertical-align: baseline; font-size: 14.6667px; white-space-collapse: preserve; color: #808080;\"><span style=\"font-family: Arial, sans-serif;\">le p\u00f4le postes de travail<\/span><\/span><\/li><\/ul>\t\t\t\t\t\t\t\t<\/div>\n\t\t\t\t<\/div>\n\t\t\t\t\t<\/div>\n\t\t<\/div>\n\t\t\t\t<div class=\"elementor-column elementor-col-50 elementor-inner-column elementor-element elementor-element-6b6b74f7\" data-id=\"6b6b74f7\" data-element_type=\"column\" data-e-type=\"column\">\n\t\t\t<div class=\"elementor-widget-wrap elementor-element-populated\">\n\t\t\t\t\t\t<div class=\"elementor-element elementor-element-49f33da6 elementor-widget elementor-widget-image\" data-id=\"49f33da6\" data-element_type=\"widget\" data-e-type=\"widget\" data-widget_type=\"image.default\">\n\t\t\t\t<div class=\"elementor-widget-container\">\n\t\t\t\t\t\t\t\t\t\t\t\t\t\t\t<img fetchpriority=\"high\" decoding=\"async\" width=\"500\" height=\"300\" src=\"\/wp-content\/uploads\/2024\/10\/Cds.png\" class=\"attachment-large size-large wp-image-424\" alt=\"\" srcset=\"\/wp-content\/uploads\/2024\/10\/Cds.png 500w, \/wp-content\/uploads\/2024\/10\/Cds-300x180.png 300w\" sizes=\"(max-width: 500px) 100vw, 500px\" \/>\t\t\t\t\t\t\t\t\t\t\t\t\t\t\t<\/div>\n\t\t\t\t<\/div>\n\t\t\t\t\t<\/div>\n\t\t<\/div>\n\t\t\t\t\t<\/div>\n\t\t<\/section>\n\t\t\t\t\t<\/div>\n\t\t<\/div>\n\t\t\t\t\t<\/div>\n\t\t<\/section>\n\t\t\t\t<section class=\"elementor-section elementor-top-section elementor-element elementor-element-127e1555 elementor-section-boxed elementor-section-height-default elementor-section-height-default\" data-id=\"127e1555\" data-element_type=\"section\" data-e-type=\"section\">\n\t\t\t\t\t\t<div class=\"elementor-container elementor-column-gap-default\">\n\t\t\t\t\t<div class=\"elementor-column elementor-col-100 elementor-top-column elementor-element elementor-element-2d587842\" data-id=\"2d587842\" data-element_type=\"column\" data-e-type=\"column\">\n\t\t\t<div class=\"elementor-widget-wrap elementor-element-populated\">\n\t\t\t\t\t\t<div class=\"elementor-element elementor-element-72ab5b39 elementor-widget elementor-widget-text-editor\" data-id=\"72ab5b39\" data-element_type=\"widget\" data-e-type=\"widget\" data-widget_type=\"text-editor.default\">\n\t\t\t\t<div class=\"elementor-widget-container\">\n\t\t\t\t\t\t\t\t\t<p><span style=\"color: #808080;\">Les <strong>principales missions<\/strong> sont :<\/span><\/p>\n<ul>\n<li>\n<p><span style=\"color: #808080;\">gestion de la mise \u00e0 disposition de mat\u00e9riel (actifs informatiques) : configuration, installation des logiciels, cr\u00e9ation de comptes utilisateurs et gestion des acc\u00e8s<\/span><\/p>\n<\/li>\n<li>\n<p><span style=\"color: #808080;\">assistance aux utilisateurs finaux : gestion des demandes et des incidents, diagnostic et suivi jusqu\u00e0 la r\u00e9solution du probl\u00e8me (mat\u00e9riels, logiciels m\u00e9tiers, r\u00e9seau, messagerie, syst\u00e8me d&rsquo;exploitation, &#8230;)<\/span><\/p>\n<\/li><li><p><font color=\"#808080\">maintenance pr\u00e9ventive pour garantir le bon fonctionnement : mises \u00e0 jour, gestion des correctifs de s\u00e9curit\u00e9, surveillance et supervision des performances des postes de travail<\/font><\/p><\/li><li><p><font color=\"#808080\">gestion des connaissances : partage d\u2019informations utiles sur les solutions aux probl\u00e8mes et les meilleures pratiques pour am\u00e9liorer l\u2019efficacit\u00e9 du personnel du support<\/font><\/p><\/li><li><span style=\"color: rgb(128, 128, 128); font-size: 14px; font-style: inherit; font-weight: inherit;\">reporting : production d\u2019indicateurs r\u00e9guliers sur les performances cl\u00e9s du support pr\u00e9sent\u00e9s aux CERFRANCE et aux clients<\/span><\/li>\n<\/ul>\t\t\t\t\t\t\t\t<\/div>\n\t\t\t\t<\/div>\n\t\t\t\t\t<\/div>\n\t\t<\/div>\n\t\t\t\t\t<\/div>\n\t\t<\/section>\n\t\t\t\t<\/div>\n\t\t","protected":false},"excerpt":{"rendered":"<p>Le Centre de Services joue un r\u00f4le crucial dans le maintien de la productivit\u00e9 et de la continuit\u00e9 de service. [&hellip;]<\/p>\n","protected":false},"author":1,"featured_media":0,"parent":0,"menu_order":0,"comment_status":"closed","ping_status":"closed","template":"","meta":{"site-sidebar-layout":"no-sidebar","site-content-layout":"page-builder","ast-site-content-layout":"default","site-content-style":"default","site-sidebar-style":"default","ast-global-header-display":"","ast-banner-title-visibility":"","ast-main-header-display":"","ast-hfb-above-header-display":"","ast-hfb-below-header-display":"","ast-hfb-mobile-header-display":"","site-post-title":"disabled","ast-breadcrumbs-content":"","ast-featured-img":"disabled","footer-sml-layout":"","ast-disable-related-posts":"","theme-transparent-header-meta":"","adv-header-id-meta":"","stick-header-meta":"","header-above-stick-meta":"","header-main-stick-meta":"","header-below-stick-meta":"","astra-migrate-meta-layouts":"default","ast-page-background-enabled":"default","ast-page-background-meta":{"desktop":{"background-color":"var(--ast-global-color-4)","background-image":"","background-repeat":"repeat","background-position":"center center","background-size":"auto","background-attachment":"scroll","background-type":"","background-media":"","overlay-type":"","overlay-color":"","overlay-opacity":"","overlay-gradient":""},"tablet":{"background-color":"","background-image":"","background-repeat":"repeat","background-position":"center center","background-size":"auto","background-attachment":"scroll","background-type":"","background-media":"","overlay-type":"","overlay-color":"","overlay-opacity":"","overlay-gradient":""},"mobile":{"background-color":"","background-image":"","background-repeat":"repeat","background-position":"center center","background-size":"auto","background-attachment":"scroll","background-type":"","background-media":"","overlay-type":"","overlay-color":"","overlay-opacity":"","overlay-gradient":""}},"ast-content-background-meta":{"desktop":{"background-color":"var(--ast-global-color-5)","background-image":"","background-repeat":"repeat","background-position":"center center","background-size":"auto","background-attachment":"scroll","background-type":"","background-media":"","overlay-type":"","overlay-color":"","overlay-opacity":"","overlay-gradient":""},"tablet":{"background-color":"var(--ast-global-color-5)","background-image":"","background-repeat":"repeat","background-position":"center center","background-size":"auto","background-attachment":"scroll","background-type":"","background-media":"","overlay-type":"","overlay-color":"","overlay-opacity":"","overlay-gradient":""},"mobile":{"background-color":"var(--ast-global-color-5)","background-image":"","background-repeat":"repeat","background-position":"center center","background-size":"auto","background-attachment":"scroll","background-type":"","background-media":"","overlay-type":"","overlay-color":"","overlay-opacity":"","overlay-gradient":""}},"footnotes":""},"class_list":["post-115","page","type-page","status-publish","hentry"],"yoast_head":"<!-- This site is optimized with the Yoast SEO plugin v27.5 - https:\/\/yoast.com\/product\/yoast-seo-wordpress\/ -->\n<title>Description CDS - Artic<\/title>\n<meta name=\"robots\" content=\"index, follow, max-snippet:-1, max-image-preview:large, max-video-preview:-1\" \/>\n<link rel=\"canonical\" href=\"https:\/\/artic.fr\/index.php\/description-cds-2\/\" \/>\n<meta property=\"og:locale\" content=\"fr_FR\" \/>\n<meta property=\"og:type\" content=\"article\" \/>\n<meta property=\"og:title\" content=\"Description CDS - Artic\" \/>\n<meta property=\"og:description\" content=\"Le Centre de Services joue un r\u00f4le crucial dans le maintien de la productivit\u00e9 et de la continuit\u00e9 de service. [&hellip;]\" \/>\n<meta property=\"og:url\" content=\"https:\/\/artic.fr\/index.php\/description-cds-2\/\" \/>\n<meta property=\"og:site_name\" content=\"Artic\" \/>\n<meta property=\"article:modified_time\" content=\"2025-05-05T08:04:22+00:00\" \/>\n<meta name=\"twitter:card\" content=\"summary_large_image\" \/>\n<script type=\"application\/ld+json\" class=\"yoast-schema-graph\">{\"@context\":\"https:\\\/\\\/schema.org\",\"@graph\":[{\"@type\":\"WebPage\",\"@id\":\"https:\\\/\\\/artic.fr\\\/index.php\\\/description-cds-2\\\/\",\"url\":\"https:\\\/\\\/artic.fr\\\/index.php\\\/description-cds-2\\\/\",\"name\":\"Description CDS - Artic\",\"isPartOf\":{\"@id\":\"https:\\\/\\\/artic.fr\\\/#website\"},\"datePublished\":\"2024-10-04T16:48:05+00:00\",\"dateModified\":\"2025-05-05T08:04:22+00:00\",\"breadcrumb\":{\"@id\":\"https:\\\/\\\/artic.fr\\\/index.php\\\/description-cds-2\\\/#breadcrumb\"},\"inLanguage\":\"fr-FR\",\"potentialAction\":[{\"@type\":\"ReadAction\",\"target\":[\"https:\\\/\\\/artic.fr\\\/index.php\\\/description-cds-2\\\/\"]}]},{\"@type\":\"BreadcrumbList\",\"@id\":\"https:\\\/\\\/artic.fr\\\/index.php\\\/description-cds-2\\\/#breadcrumb\",\"itemListElement\":[{\"@type\":\"ListItem\",\"position\":1,\"name\":\"Accueil\",\"item\":\"https:\\\/\\\/artic.fr\\\/\"},{\"@type\":\"ListItem\",\"position\":2,\"name\":\"Description CDS\"}]},{\"@type\":\"WebSite\",\"@id\":\"https:\\\/\\\/artic.fr\\\/#website\",\"url\":\"https:\\\/\\\/artic.fr\\\/\",\"name\":\"Artic, Direction des services informatiques des Cerfrance Normandie-Maine\",\"description\":\"\",\"publisher\":{\"@id\":\"https:\\\/\\\/artic.fr\\\/#organization\"},\"potentialAction\":[{\"@type\":\"SearchAction\",\"target\":{\"@type\":\"EntryPoint\",\"urlTemplate\":\"https:\\\/\\\/artic.fr\\\/?s={search_term_string}\"},\"query-input\":{\"@type\":\"PropertyValueSpecification\",\"valueRequired\":true,\"valueName\":\"search_term_string\"}}],\"inLanguage\":\"fr-FR\"},{\"@type\":\"Organization\",\"@id\":\"https:\\\/\\\/artic.fr\\\/#organization\",\"name\":\"Artic\",\"url\":\"https:\\\/\\\/artic.fr\\\/\",\"logo\":{\"@type\":\"ImageObject\",\"inLanguage\":\"fr-FR\",\"@id\":\"https:\\\/\\\/artic.fr\\\/#\\\/schema\\\/logo\\\/image\\\/\",\"url\":\"\\\/wp-content\\\/uploads\\\/2024\\\/10\\\/cropped-logo-artic.png\",\"contentUrl\":\"\\\/wp-content\\\/uploads\\\/2024\\\/10\\\/cropped-logo-artic.png\",\"width\":183,\"height\":61,\"caption\":\"Artic\"},\"image\":{\"@id\":\"https:\\\/\\\/artic.fr\\\/#\\\/schema\\\/logo\\\/image\\\/\"},\"sameAs\":[\"https:\\\/\\\/www.linkedin.com\\\/company\\\/gieartic\\\/posts\\\/?feedView=all\"]}]}<\/script>\n<!-- \/ Yoast SEO plugin. -->","yoast_head_json":{"title":"Description CDS - Artic","robots":{"index":"index","follow":"follow","max-snippet":"max-snippet:-1","max-image-preview":"max-image-preview:large","max-video-preview":"max-video-preview:-1"},"canonical":"https:\/\/artic.fr\/index.php\/description-cds-2\/","og_locale":"fr_FR","og_type":"article","og_title":"Description CDS - Artic","og_description":"Le Centre de Services joue un r\u00f4le crucial dans le maintien de la productivit\u00e9 et de la continuit\u00e9 de service. [&hellip;]","og_url":"https:\/\/artic.fr\/index.php\/description-cds-2\/","og_site_name":"Artic","article_modified_time":"2025-05-05T08:04:22+00:00","twitter_card":"summary_large_image","schema":{"@context":"https:\/\/schema.org","@graph":[{"@type":"WebPage","@id":"https:\/\/artic.fr\/index.php\/description-cds-2\/","url":"https:\/\/artic.fr\/index.php\/description-cds-2\/","name":"Description CDS - Artic","isPartOf":{"@id":"https:\/\/artic.fr\/#website"},"datePublished":"2024-10-04T16:48:05+00:00","dateModified":"2025-05-05T08:04:22+00:00","breadcrumb":{"@id":"https:\/\/artic.fr\/index.php\/description-cds-2\/#breadcrumb"},"inLanguage":"fr-FR","potentialAction":[{"@type":"ReadAction","target":["https:\/\/artic.fr\/index.php\/description-cds-2\/"]}]},{"@type":"BreadcrumbList","@id":"https:\/\/artic.fr\/index.php\/description-cds-2\/#breadcrumb","itemListElement":[{"@type":"ListItem","position":1,"name":"Accueil","item":"https:\/\/artic.fr\/"},{"@type":"ListItem","position":2,"name":"Description CDS"}]},{"@type":"WebSite","@id":"https:\/\/artic.fr\/#website","url":"https:\/\/artic.fr\/","name":"Artic, Direction des services informatiques des Cerfrance Normandie-Maine","description":"","publisher":{"@id":"https:\/\/artic.fr\/#organization"},"potentialAction":[{"@type":"SearchAction","target":{"@type":"EntryPoint","urlTemplate":"https:\/\/artic.fr\/?s={search_term_string}"},"query-input":{"@type":"PropertyValueSpecification","valueRequired":true,"valueName":"search_term_string"}}],"inLanguage":"fr-FR"},{"@type":"Organization","@id":"https:\/\/artic.fr\/#organization","name":"Artic","url":"https:\/\/artic.fr\/","logo":{"@type":"ImageObject","inLanguage":"fr-FR","@id":"https:\/\/artic.fr\/#\/schema\/logo\/image\/","url":"\/wp-content\/uploads\/2024\/10\/cropped-logo-artic.png","contentUrl":"\/wp-content\/uploads\/2024\/10\/cropped-logo-artic.png","width":183,"height":61,"caption":"Artic"},"image":{"@id":"https:\/\/artic.fr\/#\/schema\/logo\/image\/"},"sameAs":["https:\/\/www.linkedin.com\/company\/gieartic\/posts\/?feedView=all"]}]}},"_links":{"self":[{"href":"https:\/\/www.artic.fr\/index.php\/wp-json\/wp\/v2\/pages\/115","targetHints":{"allow":["GET"]}}],"collection":[{"href":"https:\/\/www.artic.fr\/index.php\/wp-json\/wp\/v2\/pages"}],"about":[{"href":"https:\/\/www.artic.fr\/index.php\/wp-json\/wp\/v2\/types\/page"}],"author":[{"embeddable":true,"href":"https:\/\/www.artic.fr\/index.php\/wp-json\/wp\/v2\/users\/1"}],"replies":[{"embeddable":true,"href":"https:\/\/www.artic.fr\/index.php\/wp-json\/wp\/v2\/comments?post=115"}],"version-history":[{"count":13,"href":"https:\/\/www.artic.fr\/index.php\/wp-json\/wp\/v2\/pages\/115\/revisions"}],"predecessor-version":[{"id":718,"href":"https:\/\/www.artic.fr\/index.php\/wp-json\/wp\/v2\/pages\/115\/revisions\/718"}],"wp:attachment":[{"href":"https:\/\/www.artic.fr\/index.php\/wp-json\/wp\/v2\/media?parent=115"}],"curies":[{"name":"wp","href":"https:\/\/api.w.org\/{rel}","templated":true}]}}