{"id":112,"date":"2024-10-04T18:48:05","date_gmt":"2024-10-04T16:48:05","guid":{"rendered":"http:\/\/10.101.1.48\/index.php\/description-sis-2\/"},"modified":"2025-05-05T10:44:52","modified_gmt":"2025-05-05T08:44:52","slug":"description-sis-2","status":"publish","type":"page","link":"https:\/\/www.artic.fr\/index.php\/description-sis-2\/","title":{"rendered":"Description SIS"},"content":{"rendered":"\t\t<div data-elementor-type=\"wp-page\" data-elementor-id=\"112\" class=\"elementor elementor-112\">\n\t\t\t\t\t\t<section class=\"elementor-section elementor-top-section elementor-element elementor-element-7c7e633f elementor-section-boxed elementor-section-height-default elementor-section-height-default\" data-id=\"7c7e633f\" data-element_type=\"section\" data-e-type=\"section\">\n\t\t\t\t\t\t<div class=\"elementor-container elementor-column-gap-default\">\n\t\t\t\t\t<div class=\"elementor-column elementor-col-50 elementor-top-column elementor-element elementor-element-7a9eb96e\" data-id=\"7a9eb96e\" data-element_type=\"column\" data-e-type=\"column\">\n\t\t\t<div class=\"elementor-widget-wrap elementor-element-populated\">\n\t\t\t\t\t\t<div class=\"elementor-element elementor-element-314442c7 elementor-widget elementor-widget-text-editor\" data-id=\"314442c7\" data-element_type=\"widget\" data-e-type=\"widget\" data-widget_type=\"text-editor.default\">\n\t\t\t\t<div class=\"elementor-widget-container\">\n\t\t\t\t\t\t\t\t\t<p><span style=\"font-weight: 400; color: #808080;\">Le service <strong>Syst\u00e8mes, Infrastructures<\/strong> et <strong>Supervision<\/strong> &#8211; SIS &#8211; est au c\u0153ur de notre r\u00e9ussite.\u00a0<\/span><\/p><p><span style=\"font-weight: 400; color: #808080;\">Dans un cadre dynamique et collaboratif, nous orchestrons avec excellence :<\/span><\/p><ul><li><span style=\"font-weight: 400; color: #808080;\">les infrastructures,<\/span><\/li><li><span style=\"font-weight: 400; color: #808080;\"> les r\u00e9seaux, <\/span><\/li><li><span style=\"font-weight: 400; color: #808080;\">la supervision, <\/span><\/li><li><span style=\"font-weight: 400; color: #808080;\">la production,<\/span><\/li><li><span style=\"font-weight: 400; color: #808080;\"> la s\u00e9curit\u00e9,<\/span><\/li><\/ul><p><span style=\"font-weight: 400; color: #808080;\"> pour assurer une exp\u00e9rience technologique de qualit\u00e9 au service des utilisateurs finaux.<\/span><\/p>\t\t\t\t\t\t\t\t<\/div>\n\t\t\t\t<\/div>\n\t\t\t\t\t<\/div>\n\t\t<\/div>\n\t\t\t\t<div class=\"elementor-column elementor-col-50 elementor-top-column elementor-element elementor-element-e52ef69\" data-id=\"e52ef69\" data-element_type=\"column\" data-e-type=\"column\">\n\t\t\t<div class=\"elementor-widget-wrap elementor-element-populated\">\n\t\t\t\t\t\t<div class=\"elementor-element elementor-element-7af05232 elementor-widget elementor-widget-image\" data-id=\"7af05232\" data-element_type=\"widget\" data-e-type=\"widget\" data-widget_type=\"image.default\">\n\t\t\t\t<div class=\"elementor-widget-container\">\n\t\t\t\t\t\t\t\t\t\t\t\t\t\t\t<img fetchpriority=\"high\" decoding=\"async\" width=\"500\" height=\"300\" src=\"\/wp-content\/uploads\/2024\/10\/SIS.jpg\" class=\"attachment-large size-large wp-image-429\" alt=\"\" srcset=\"\/wp-content\/uploads\/2024\/10\/SIS.jpg 500w, \/wp-content\/uploads\/2024\/10\/SIS-300x180.jpg 300w\" sizes=\"(max-width: 500px) 100vw, 500px\" \/>\t\t\t\t\t\t\t\t\t\t\t\t\t\t\t<\/div>\n\t\t\t\t<\/div>\n\t\t\t\t\t<\/div>\n\t\t<\/div>\n\t\t\t\t\t<\/div>\n\t\t<\/section>\n\t\t\t\t<section class=\"elementor-section elementor-top-section elementor-element elementor-element-4ee04cae elementor-section-boxed elementor-section-height-default elementor-section-height-default\" data-id=\"4ee04cae\" data-element_type=\"section\" data-e-type=\"section\">\n\t\t\t\t\t\t<div class=\"elementor-container elementor-column-gap-default\">\n\t\t\t\t\t<div class=\"elementor-column elementor-col-100 elementor-top-column elementor-element elementor-element-6764a3e7\" data-id=\"6764a3e7\" data-element_type=\"column\" data-e-type=\"column\">\n\t\t\t<div class=\"elementor-widget-wrap elementor-element-populated\">\n\t\t\t\t\t\t<div class=\"elementor-element elementor-element-475d8a22 elementor-widget elementor-widget-text-editor\" data-id=\"475d8a22\" data-element_type=\"widget\" data-e-type=\"widget\" data-widget_type=\"text-editor.default\">\n\t\t\t\t<div class=\"elementor-widget-container\">\n\t\t\t\t\t\t\t\t\t<ul><li><span style=\"color: #808080;\"><span style=\"text-decoration: underline;\"><strong>Infrastructures<\/strong><\/span> : notre \u00e9quipe assure la conception, la mise en \u0153uvre et l&rsquo;optimisation des infrastructures informatiques, garantissant une base solide pour soutenir l&rsquo;activit\u00e9 des membres du GIE<\/span><\/li><li><span style=\"color: #808080;\"><span style=\"text-decoration: underline;\"><strong>R\u00e9seaux et connectivit\u00e9<\/strong><\/span> : avec une expertise pointue dans la gestion des r\u00e9seaux, nous assurons une connectivit\u00e9 sans faille, favorisant la collaboration et l&rsquo;efficacit\u00e9 au sein de notre organisation<\/span><\/li><li><span style=\"color: #808080;\"><span style=\"text-decoration: underline;\"><strong>Surveillance proactive<\/strong><\/span> : gr\u00e2ce \u00e0 des outils de supervision avanc\u00e9s, nous anticipons les pannes potentielles, assurant une disponibilit\u00e9 maximale de nos syst\u00e8mes et une r\u00e9activit\u00e9 face aux \u00e9ventuelles d\u00e9faillances ou baisses de performances<\/span><\/li><li><span style=\"color: #808080;\"><span style=\"text-decoration: underline;\"><strong>Production fiable<\/strong><\/span> : notre \u00e9quipe maintient la stabilit\u00e9 op\u00e9rationnelle en g\u00e9rant efficacement la production informatique. Nous sommes fiers de fournir des solutions fiables et robustes qui alimentent les activit\u00e9s quotidiennes des membres du GIE<\/span><\/li><li><span style=\"color: #808080;\"><span style=\"text-decoration: underline;\"><strong>Cybers\u00e9curit\u00e9<\/strong><\/span> : la s\u00e9curit\u00e9 est notre priorit\u00e9 absolue. L&rsquo;\u00e9quipe SIS met en \u0153uvre des mesures adapt\u00e9es pour prot\u00e9ger nos donn\u00e9es, assurer la confidentialit\u00e9 des informations et d\u00e9fendre notre organisation contre les menaces cyber<\/span><\/li><\/ul>\t\t\t\t\t\t\t\t<\/div>\n\t\t\t\t<\/div>\n\t\t\t\t\t<\/div>\n\t\t<\/div>\n\t\t\t\t\t<\/div>\n\t\t<\/section>\n\t\t\t\t<\/div>\n\t\t","protected":false},"excerpt":{"rendered":"<p>Le service Syst\u00e8mes, Infrastructures et Supervision &#8211; SIS &#8211; est au c\u0153ur de notre r\u00e9ussite.\u00a0 Dans un cadre dynamique et [&hellip;]<\/p>\n","protected":false},"author":1,"featured_media":0,"parent":0,"menu_order":0,"comment_status":"closed","ping_status":"closed","template":"","meta":{"site-sidebar-layout":"no-sidebar","site-content-layout":"page-builder","ast-site-content-layout":"default","site-content-style":"default","site-sidebar-style":"default","ast-global-header-display":"","ast-banner-title-visibility":"","ast-main-header-display":"","ast-hfb-above-header-display":"","ast-hfb-below-header-display":"","ast-hfb-mobile-header-display":"","site-post-title":"disabled","ast-breadcrumbs-content":"","ast-featured-img":"disabled","footer-sml-layout":"","ast-disable-related-posts":"","theme-transparent-header-meta":"","adv-header-id-meta":"","stick-header-meta":"","header-above-stick-meta":"","header-main-stick-meta":"","header-below-stick-meta":"","astra-migrate-meta-layouts":"default","ast-page-background-enabled":"default","ast-page-background-meta":{"desktop":{"background-color":"var(--ast-global-color-4)","background-image":"","background-repeat":"repeat","background-position":"center center","background-size":"auto","background-attachment":"scroll","background-type":"","background-media":"","overlay-type":"","overlay-color":"","overlay-opacity":"","overlay-gradient":""},"tablet":{"background-color":"","background-image":"","background-repeat":"repeat","background-position":"center center","background-size":"auto","background-attachment":"scroll","background-type":"","background-media":"","overlay-type":"","overlay-color":"","overlay-opacity":"","overlay-gradient":""},"mobile":{"background-color":"","background-image":"","background-repeat":"repeat","background-position":"center center","background-size":"auto","background-attachment":"scroll","background-type":"","background-media":"","overlay-type":"","overlay-color":"","overlay-opacity":"","overlay-gradient":""}},"ast-content-background-meta":{"desktop":{"background-color":"var(--ast-global-color-5)","background-image":"","background-repeat":"repeat","background-position":"center center","background-size":"auto","background-attachment":"scroll","background-type":"","background-media":"","overlay-type":"","overlay-color":"","overlay-opacity":"","overlay-gradient":""},"tablet":{"background-color":"var(--ast-global-color-5)","background-image":"","background-repeat":"repeat","background-position":"center center","background-size":"auto","background-attachment":"scroll","background-type":"","background-media":"","overlay-type":"","overlay-color":"","overlay-opacity":"","overlay-gradient":""},"mobile":{"background-color":"var(--ast-global-color-5)","background-image":"","background-repeat":"repeat","background-position":"center center","background-size":"auto","background-attachment":"scroll","background-type":"","background-media":"","overlay-type":"","overlay-color":"","overlay-opacity":"","overlay-gradient":""}},"footnotes":""},"class_list":["post-112","page","type-page","status-publish","hentry"],"yoast_head":"<!-- This site is optimized with the Yoast SEO plugin v27.5 - https:\/\/yoast.com\/product\/yoast-seo-wordpress\/ -->\n<title>Description SIS - Artic<\/title>\n<meta name=\"robots\" content=\"index, follow, max-snippet:-1, max-image-preview:large, max-video-preview:-1\" \/>\n<link rel=\"canonical\" href=\"https:\/\/artic.fr\/index.php\/description-sis-2\/\" \/>\n<meta property=\"og:locale\" content=\"fr_FR\" \/>\n<meta property=\"og:type\" content=\"article\" \/>\n<meta property=\"og:title\" content=\"Description SIS - Artic\" \/>\n<meta property=\"og:description\" content=\"Le service Syst\u00e8mes, Infrastructures et Supervision &#8211; SIS &#8211; est au c\u0153ur de notre r\u00e9ussite.\u00a0 Dans un cadre dynamique et [&hellip;]\" \/>\n<meta property=\"og:url\" content=\"https:\/\/artic.fr\/index.php\/description-sis-2\/\" \/>\n<meta property=\"og:site_name\" content=\"Artic\" \/>\n<meta property=\"article:modified_time\" content=\"2025-05-05T08:44:52+00:00\" \/>\n<meta name=\"twitter:card\" content=\"summary_large_image\" \/>\n<script type=\"application\/ld+json\" class=\"yoast-schema-graph\">{\"@context\":\"https:\\\/\\\/schema.org\",\"@graph\":[{\"@type\":\"WebPage\",\"@id\":\"https:\\\/\\\/artic.fr\\\/index.php\\\/description-sis-2\\\/\",\"url\":\"https:\\\/\\\/artic.fr\\\/index.php\\\/description-sis-2\\\/\",\"name\":\"Description SIS - Artic\",\"isPartOf\":{\"@id\":\"https:\\\/\\\/artic.fr\\\/#website\"},\"datePublished\":\"2024-10-04T16:48:05+00:00\",\"dateModified\":\"2025-05-05T08:44:52+00:00\",\"breadcrumb\":{\"@id\":\"https:\\\/\\\/artic.fr\\\/index.php\\\/description-sis-2\\\/#breadcrumb\"},\"inLanguage\":\"fr-FR\",\"potentialAction\":[{\"@type\":\"ReadAction\",\"target\":[\"https:\\\/\\\/artic.fr\\\/index.php\\\/description-sis-2\\\/\"]}]},{\"@type\":\"BreadcrumbList\",\"@id\":\"https:\\\/\\\/artic.fr\\\/index.php\\\/description-sis-2\\\/#breadcrumb\",\"itemListElement\":[{\"@type\":\"ListItem\",\"position\":1,\"name\":\"Accueil\",\"item\":\"https:\\\/\\\/artic.fr\\\/\"},{\"@type\":\"ListItem\",\"position\":2,\"name\":\"Description SIS\"}]},{\"@type\":\"WebSite\",\"@id\":\"https:\\\/\\\/artic.fr\\\/#website\",\"url\":\"https:\\\/\\\/artic.fr\\\/\",\"name\":\"Artic, Direction des services informatiques des Cerfrance Normandie-Maine\",\"description\":\"\",\"publisher\":{\"@id\":\"https:\\\/\\\/artic.fr\\\/#organization\"},\"potentialAction\":[{\"@type\":\"SearchAction\",\"target\":{\"@type\":\"EntryPoint\",\"urlTemplate\":\"https:\\\/\\\/artic.fr\\\/?s={search_term_string}\"},\"query-input\":{\"@type\":\"PropertyValueSpecification\",\"valueRequired\":true,\"valueName\":\"search_term_string\"}}],\"inLanguage\":\"fr-FR\"},{\"@type\":\"Organization\",\"@id\":\"https:\\\/\\\/artic.fr\\\/#organization\",\"name\":\"Artic\",\"url\":\"https:\\\/\\\/artic.fr\\\/\",\"logo\":{\"@type\":\"ImageObject\",\"inLanguage\":\"fr-FR\",\"@id\":\"https:\\\/\\\/artic.fr\\\/#\\\/schema\\\/logo\\\/image\\\/\",\"url\":\"\\\/wp-content\\\/uploads\\\/2024\\\/10\\\/cropped-logo-artic.png\",\"contentUrl\":\"\\\/wp-content\\\/uploads\\\/2024\\\/10\\\/cropped-logo-artic.png\",\"width\":183,\"height\":61,\"caption\":\"Artic\"},\"image\":{\"@id\":\"https:\\\/\\\/artic.fr\\\/#\\\/schema\\\/logo\\\/image\\\/\"},\"sameAs\":[\"https:\\\/\\\/www.linkedin.com\\\/company\\\/gieartic\\\/posts\\\/?feedView=all\"]}]}<\/script>\n<!-- \/ Yoast SEO plugin. -->","yoast_head_json":{"title":"Description SIS - Artic","robots":{"index":"index","follow":"follow","max-snippet":"max-snippet:-1","max-image-preview":"max-image-preview:large","max-video-preview":"max-video-preview:-1"},"canonical":"https:\/\/artic.fr\/index.php\/description-sis-2\/","og_locale":"fr_FR","og_type":"article","og_title":"Description SIS - Artic","og_description":"Le service Syst\u00e8mes, Infrastructures et Supervision &#8211; SIS &#8211; est au c\u0153ur de notre r\u00e9ussite.\u00a0 Dans un cadre dynamique et [&hellip;]","og_url":"https:\/\/artic.fr\/index.php\/description-sis-2\/","og_site_name":"Artic","article_modified_time":"2025-05-05T08:44:52+00:00","twitter_card":"summary_large_image","schema":{"@context":"https:\/\/schema.org","@graph":[{"@type":"WebPage","@id":"https:\/\/artic.fr\/index.php\/description-sis-2\/","url":"https:\/\/artic.fr\/index.php\/description-sis-2\/","name":"Description SIS - Artic","isPartOf":{"@id":"https:\/\/artic.fr\/#website"},"datePublished":"2024-10-04T16:48:05+00:00","dateModified":"2025-05-05T08:44:52+00:00","breadcrumb":{"@id":"https:\/\/artic.fr\/index.php\/description-sis-2\/#breadcrumb"},"inLanguage":"fr-FR","potentialAction":[{"@type":"ReadAction","target":["https:\/\/artic.fr\/index.php\/description-sis-2\/"]}]},{"@type":"BreadcrumbList","@id":"https:\/\/artic.fr\/index.php\/description-sis-2\/#breadcrumb","itemListElement":[{"@type":"ListItem","position":1,"name":"Accueil","item":"https:\/\/artic.fr\/"},{"@type":"ListItem","position":2,"name":"Description SIS"}]},{"@type":"WebSite","@id":"https:\/\/artic.fr\/#website","url":"https:\/\/artic.fr\/","name":"Artic, Direction des services informatiques des Cerfrance Normandie-Maine","description":"","publisher":{"@id":"https:\/\/artic.fr\/#organization"},"potentialAction":[{"@type":"SearchAction","target":{"@type":"EntryPoint","urlTemplate":"https:\/\/artic.fr\/?s={search_term_string}"},"query-input":{"@type":"PropertyValueSpecification","valueRequired":true,"valueName":"search_term_string"}}],"inLanguage":"fr-FR"},{"@type":"Organization","@id":"https:\/\/artic.fr\/#organization","name":"Artic","url":"https:\/\/artic.fr\/","logo":{"@type":"ImageObject","inLanguage":"fr-FR","@id":"https:\/\/artic.fr\/#\/schema\/logo\/image\/","url":"\/wp-content\/uploads\/2024\/10\/cropped-logo-artic.png","contentUrl":"\/wp-content\/uploads\/2024\/10\/cropped-logo-artic.png","width":183,"height":61,"caption":"Artic"},"image":{"@id":"https:\/\/artic.fr\/#\/schema\/logo\/image\/"},"sameAs":["https:\/\/www.linkedin.com\/company\/gieartic\/posts\/?feedView=all"]}]}},"_links":{"self":[{"href":"https:\/\/www.artic.fr\/index.php\/wp-json\/wp\/v2\/pages\/112","targetHints":{"allow":["GET"]}}],"collection":[{"href":"https:\/\/www.artic.fr\/index.php\/wp-json\/wp\/v2\/pages"}],"about":[{"href":"https:\/\/www.artic.fr\/index.php\/wp-json\/wp\/v2\/types\/page"}],"author":[{"embeddable":true,"href":"https:\/\/www.artic.fr\/index.php\/wp-json\/wp\/v2\/users\/1"}],"replies":[{"embeddable":true,"href":"https:\/\/www.artic.fr\/index.php\/wp-json\/wp\/v2\/comments?post=112"}],"version-history":[{"count":13,"href":"https:\/\/www.artic.fr\/index.php\/wp-json\/wp\/v2\/pages\/112\/revisions"}],"predecessor-version":[{"id":724,"href":"https:\/\/www.artic.fr\/index.php\/wp-json\/wp\/v2\/pages\/112\/revisions\/724"}],"wp:attachment":[{"href":"https:\/\/www.artic.fr\/index.php\/wp-json\/wp\/v2\/media?parent=112"}],"curies":[{"name":"wp","href":"https:\/\/api.w.org\/{rel}","templated":true}]}}