{"id":109,"date":"2024-10-04T18:48:05","date_gmt":"2024-10-04T16:48:05","guid":{"rendered":"http:\/\/10.101.1.48\/index.php\/description-ed-2\/"},"modified":"2024-10-22T16:57:03","modified_gmt":"2024-10-22T14:57:03","slug":"description-ed-2","status":"publish","type":"page","link":"https:\/\/www.artic.fr\/index.php\/description-ed-2\/","title":{"rendered":"Description E&#038;D"},"content":{"rendered":"\t\t<div data-elementor-type=\"wp-page\" data-elementor-id=\"109\" class=\"elementor elementor-109\">\n\t\t\t\t\t\t<section class=\"elementor-section elementor-top-section elementor-element elementor-element-5965db10 elementor-section-boxed elementor-section-height-default elementor-section-height-default\" data-id=\"5965db10\" data-element_type=\"section\" data-e-type=\"section\">\n\t\t\t\t\t\t<div class=\"elementor-container elementor-column-gap-default\">\n\t\t\t\t\t<div class=\"elementor-column elementor-col-50 elementor-top-column elementor-element elementor-element-6e00487d\" data-id=\"6e00487d\" data-element_type=\"column\" data-e-type=\"column\">\n\t\t\t<div class=\"elementor-widget-wrap elementor-element-populated\">\n\t\t\t\t\t\t<div class=\"elementor-element elementor-element-76c9d718 elementor-widget elementor-widget-text-editor\" data-id=\"76c9d718\" data-element_type=\"widget\" data-e-type=\"widget\" data-widget_type=\"text-editor.default\">\n\t\t\t\t<div class=\"elementor-widget-container\">\n\t\t\t\t\t\t\t\t\t<p><span style=\"font-weight: 400; color: #808080;\">Le service <strong>\u00c9tudes<\/strong> et <strong>D\u00e9veloppement<\/strong> est une \u00e9quipe d\u00e9di\u00e9e \u00e0 la conception, au d\u00e9veloppement, \u00e0 l\u2019int\u00e9gration et \u00e0 la mise en \u0153uvre de solutions informatiques innovantes pour r\u00e9pondre aux besoins sp\u00e9cifiques des Cerfrance, des organisations d\u00e9di\u00e9es au conseil et \u00e0 l&rsquo;accompagnement des entreprises en mati\u00e8re de gestion et de comptabilit\u00e9.<\/span><\/p><p><span style=\"font-weight: 400; color: #808080;\">Cette \u00e9quipe utilise une <strong>gamme vari\u00e9e<\/strong> de<strong> technologies<\/strong> de pointe pour cr\u00e9er des solutions robustes, \u00e9volutives et performantes.\u00a0<\/span><\/p>\t\t\t\t\t\t\t\t<\/div>\n\t\t\t\t<\/div>\n\t\t\t\t\t<\/div>\n\t\t<\/div>\n\t\t\t\t<div class=\"elementor-column elementor-col-50 elementor-top-column elementor-element elementor-element-4ad96256\" data-id=\"4ad96256\" data-element_type=\"column\" data-e-type=\"column\">\n\t\t\t<div class=\"elementor-widget-wrap elementor-element-populated\">\n\t\t\t\t\t\t<div class=\"elementor-element elementor-element-7a88ea74 elementor-widget elementor-widget-image\" data-id=\"7a88ea74\" data-element_type=\"widget\" data-e-type=\"widget\" data-widget_type=\"image.default\">\n\t\t\t\t<div class=\"elementor-widget-container\">\n\t\t\t\t\t\t\t\t\t\t\t\t\t\t\t<img fetchpriority=\"high\" decoding=\"async\" width=\"500\" height=\"300\" src=\"\/wp-content\/uploads\/2024\/10\/E_D.jpg\" class=\"attachment-large size-large wp-image-426\" alt=\"\" srcset=\"\/wp-content\/uploads\/2024\/10\/E_D.jpg 500w, \/wp-content\/uploads\/2024\/10\/E_D-300x180.jpg 300w\" sizes=\"(max-width: 500px) 100vw, 500px\" \/>\t\t\t\t\t\t\t\t\t\t\t\t\t\t\t<\/div>\n\t\t\t\t<\/div>\n\t\t\t\t\t<\/div>\n\t\t<\/div>\n\t\t\t\t\t<\/div>\n\t\t<\/section>\n\t\t\t\t<section class=\"elementor-section elementor-top-section elementor-element elementor-element-486ff274 elementor-section-boxed elementor-section-height-default elementor-section-height-default\" data-id=\"486ff274\" data-element_type=\"section\" data-e-type=\"section\">\n\t\t\t\t\t\t<div class=\"elementor-container elementor-column-gap-default\">\n\t\t\t\t\t<div class=\"elementor-column elementor-col-100 elementor-top-column elementor-element elementor-element-5251dd8a\" data-id=\"5251dd8a\" data-element_type=\"column\" data-e-type=\"column\">\n\t\t\t<div class=\"elementor-widget-wrap elementor-element-populated\">\n\t\t\t\t\t\t<div class=\"elementor-element elementor-element-4a257e07 elementor-widget elementor-widget-text-editor\" data-id=\"4a257e07\" data-element_type=\"widget\" data-e-type=\"widget\" data-widget_type=\"text-editor.default\">\n\t\t\t\t<div class=\"elementor-widget-container\">\n\t\t\t\t\t\t\t\t\t<p><span style=\"font-weight: 400; color: #808080;\">Parmi ces technologies, on retrouve Delphi et Microsoft C# pour le d\u00e9veloppement d&rsquo;applications de bureau et d&rsquo;applications d&rsquo;entreprise. Ces langages offrent une grande flexibilit\u00e9 et une grande puissance de d\u00e9veloppement pour r\u00e9pondre aux exigences m\u00e9tier de Cerfrance.<\/span><\/p><p><span style=\"font-weight: 400; color: #808080;\">En ce qui concerne les <strong>solutions cloud<\/strong>, le service utilise Azure API Management pour la gestion et la s\u00e9curisation des API, ainsi que Azure Data Factory pour l&rsquo;ingestion, la transformation et le chargement des donn\u00e9es dans le cloud. Ces outils permettent de cr\u00e9er des pipelines de donn\u00e9es fiables et \u00e9volutifs pour r\u00e9pondre aux besoins en mati\u00e8re d&rsquo;analyse et de reporting.<\/span><\/p><p><span style=\"font-weight: 400; color: #808080;\">Pour l&rsquo;<strong>architecture<\/strong> des applications, le service privil\u00e9gie une approche orient\u00e9e <strong>microservices<\/strong>, permettant de concevoir des applications modulaires et scalables. Ces microservices sont d\u00e9velopp\u00e9s en utilisant les meilleures pratiques et les technologies les plus adapt\u00e9es, telles que React.js et Vue.js pour les interfaces utilisateur web modernes et r\u00e9actives.<\/span><\/p><p><span style=\"font-weight: 400; color: #808080;\">Enfin, le service int\u00e8gre \u00e9galement des <strong>solutions de Big Data<\/strong> pour traiter et analyser de grandes quantit\u00e9s de donn\u00e9es, en utilisant des outils comme Azure Data Lake Storage et des technologies d&rsquo;analyse avanc\u00e9e telles que Azure Synapse Analytics. Cela permet aux Cerfrance d&rsquo;extraire des insights pr\u00e9cieux \u00e0 partir de ses donn\u00e9es et d&rsquo;am\u00e9liorer ses services et ses conseils pour ses clients.<\/span><\/p><p><span style=\"font-weight: 400; color: #808080;\">En r\u00e9sum\u00e9, le service d&rsquo;\u00e9tudes et d\u00e9veloppement est une \u00e9quipe sp\u00e9cialis\u00e9e dans la cr\u00e9ation de solutions informatiques innovantes, utilisant une gamme compl\u00e8te de technologies allant du d\u00e9veloppement d&rsquo;applications traditionnelles aux solutions web,\u00a0 cloud et Big Data, pour <strong>r\u00e9pondre aux besoins sp\u00e9cifiques des Cerfrance<\/strong> et de leurs clients.<\/span><\/p>\t\t\t\t\t\t\t\t<\/div>\n\t\t\t\t<\/div>\n\t\t\t\t\t<\/div>\n\t\t<\/div>\n\t\t\t\t\t<\/div>\n\t\t<\/section>\n\t\t\t\t<\/div>\n\t\t","protected":false},"excerpt":{"rendered":"<p>Le service \u00c9tudes et D\u00e9veloppement est une \u00e9quipe d\u00e9di\u00e9e \u00e0 la conception, au d\u00e9veloppement, \u00e0 l\u2019int\u00e9gration et \u00e0 la mise [&hellip;]<\/p>\n","protected":false},"author":1,"featured_media":0,"parent":0,"menu_order":0,"comment_status":"closed","ping_status":"closed","template":"","meta":{"site-sidebar-layout":"no-sidebar","site-content-layout":"page-builder","ast-site-content-layout":"default","site-content-style":"default","site-sidebar-style":"default","ast-global-header-display":"","ast-banner-title-visibility":"","ast-main-header-display":"","ast-hfb-above-header-display":"","ast-hfb-below-header-display":"","ast-hfb-mobile-header-display":"","site-post-title":"disabled","ast-breadcrumbs-content":"","ast-featured-img":"disabled","footer-sml-layout":"","ast-disable-related-posts":"","theme-transparent-header-meta":"","adv-header-id-meta":"","stick-header-meta":"","header-above-stick-meta":"","header-main-stick-meta":"","header-below-stick-meta":"","astra-migrate-meta-layouts":"default","ast-page-background-enabled":"default","ast-page-background-meta":{"desktop":{"background-color":"var(--ast-global-color-4)","background-image":"","background-repeat":"repeat","background-position":"center center","background-size":"auto","background-attachment":"scroll","background-type":"","background-media":"","overlay-type":"","overlay-color":"","overlay-opacity":"","overlay-gradient":""},"tablet":{"background-color":"","background-image":"","background-repeat":"repeat","background-position":"center center","background-size":"auto","background-attachment":"scroll","background-type":"","background-media":"","overlay-type":"","overlay-color":"","overlay-opacity":"","overlay-gradient":""},"mobile":{"background-color":"","background-image":"","background-repeat":"repeat","background-position":"center center","background-size":"auto","background-attachment":"scroll","background-type":"","background-media":"","overlay-type":"","overlay-color":"","overlay-opacity":"","overlay-gradient":""}},"ast-content-background-meta":{"desktop":{"background-color":"var(--ast-global-color-5)","background-image":"","background-repeat":"repeat","background-position":"center center","background-size":"auto","background-attachment":"scroll","background-type":"","background-media":"","overlay-type":"","overlay-color":"","overlay-opacity":"","overlay-gradient":""},"tablet":{"background-color":"var(--ast-global-color-5)","background-image":"","background-repeat":"repeat","background-position":"center center","background-size":"auto","background-attachment":"scroll","background-type":"","background-media":"","overlay-type":"","overlay-color":"","overlay-opacity":"","overlay-gradient":""},"mobile":{"background-color":"var(--ast-global-color-5)","background-image":"","background-repeat":"repeat","background-position":"center center","background-size":"auto","background-attachment":"scroll","background-type":"","background-media":"","overlay-type":"","overlay-color":"","overlay-opacity":"","overlay-gradient":""}},"footnotes":""},"class_list":["post-109","page","type-page","status-publish","hentry"],"yoast_head":"<!-- This site is optimized with the Yoast SEO plugin v27.5 - https:\/\/yoast.com\/product\/yoast-seo-wordpress\/ -->\n<title>Description E&amp;D - Artic<\/title>\n<meta name=\"robots\" content=\"index, follow, max-snippet:-1, max-image-preview:large, max-video-preview:-1\" \/>\n<link rel=\"canonical\" href=\"https:\/\/artic.fr\/index.php\/description-ed-2\/\" \/>\n<meta property=\"og:locale\" content=\"fr_FR\" \/>\n<meta property=\"og:type\" content=\"article\" \/>\n<meta property=\"og:title\" content=\"Description E&amp;D - Artic\" \/>\n<meta property=\"og:description\" content=\"Le service \u00c9tudes et D\u00e9veloppement est une \u00e9quipe d\u00e9di\u00e9e \u00e0 la conception, au d\u00e9veloppement, \u00e0 l\u2019int\u00e9gration et \u00e0 la mise [&hellip;]\" \/>\n<meta property=\"og:url\" content=\"https:\/\/artic.fr\/index.php\/description-ed-2\/\" \/>\n<meta property=\"og:site_name\" content=\"Artic\" \/>\n<meta property=\"article:modified_time\" content=\"2024-10-22T14:57:03+00:00\" \/>\n<meta property=\"og:image\" content=\"http:\/\/10.101.1.48\/wp-content\/uploads\/2024\/10\/E_D.jpg\" \/>\n<meta name=\"twitter:card\" content=\"summary_large_image\" \/>\n<script type=\"application\/ld+json\" class=\"yoast-schema-graph\">{\"@context\":\"https:\\\/\\\/schema.org\",\"@graph\":[{\"@type\":\"WebPage\",\"@id\":\"https:\\\/\\\/artic.fr\\\/index.php\\\/description-ed-2\\\/\",\"url\":\"https:\\\/\\\/artic.fr\\\/index.php\\\/description-ed-2\\\/\",\"name\":\"Description E&D - Artic\",\"isPartOf\":{\"@id\":\"https:\\\/\\\/artic.fr\\\/#website\"},\"primaryImageOfPage\":{\"@id\":\"https:\\\/\\\/artic.fr\\\/index.php\\\/description-ed-2\\\/#primaryimage\"},\"image\":{\"@id\":\"https:\\\/\\\/artic.fr\\\/index.php\\\/description-ed-2\\\/#primaryimage\"},\"thumbnailUrl\":\"http:\\\/\\\/10.101.1.48\\\/wp-content\\\/uploads\\\/2024\\\/10\\\/E_D.jpg\",\"datePublished\":\"2024-10-04T16:48:05+00:00\",\"dateModified\":\"2024-10-22T14:57:03+00:00\",\"breadcrumb\":{\"@id\":\"https:\\\/\\\/artic.fr\\\/index.php\\\/description-ed-2\\\/#breadcrumb\"},\"inLanguage\":\"fr-FR\",\"potentialAction\":[{\"@type\":\"ReadAction\",\"target\":[\"https:\\\/\\\/artic.fr\\\/index.php\\\/description-ed-2\\\/\"]}]},{\"@type\":\"ImageObject\",\"inLanguage\":\"fr-FR\",\"@id\":\"https:\\\/\\\/artic.fr\\\/index.php\\\/description-ed-2\\\/#primaryimage\",\"url\":\"http:\\\/\\\/10.101.1.48\\\/wp-content\\\/uploads\\\/2024\\\/10\\\/E_D.jpg\",\"contentUrl\":\"http:\\\/\\\/10.101.1.48\\\/wp-content\\\/uploads\\\/2024\\\/10\\\/E_D.jpg\"},{\"@type\":\"BreadcrumbList\",\"@id\":\"https:\\\/\\\/artic.fr\\\/index.php\\\/description-ed-2\\\/#breadcrumb\",\"itemListElement\":[{\"@type\":\"ListItem\",\"position\":1,\"name\":\"Accueil\",\"item\":\"https:\\\/\\\/artic.fr\\\/\"},{\"@type\":\"ListItem\",\"position\":2,\"name\":\"Description E&#038;D\"}]},{\"@type\":\"WebSite\",\"@id\":\"https:\\\/\\\/artic.fr\\\/#website\",\"url\":\"https:\\\/\\\/artic.fr\\\/\",\"name\":\"Artic, Direction des services informatiques des Cerfrance Normandie-Maine\",\"description\":\"\",\"publisher\":{\"@id\":\"https:\\\/\\\/artic.fr\\\/#organization\"},\"potentialAction\":[{\"@type\":\"SearchAction\",\"target\":{\"@type\":\"EntryPoint\",\"urlTemplate\":\"https:\\\/\\\/artic.fr\\\/?s={search_term_string}\"},\"query-input\":{\"@type\":\"PropertyValueSpecification\",\"valueRequired\":true,\"valueName\":\"search_term_string\"}}],\"inLanguage\":\"fr-FR\"},{\"@type\":\"Organization\",\"@id\":\"https:\\\/\\\/artic.fr\\\/#organization\",\"name\":\"Artic\",\"url\":\"https:\\\/\\\/artic.fr\\\/\",\"logo\":{\"@type\":\"ImageObject\",\"inLanguage\":\"fr-FR\",\"@id\":\"https:\\\/\\\/artic.fr\\\/#\\\/schema\\\/logo\\\/image\\\/\",\"url\":\"\\\/wp-content\\\/uploads\\\/2024\\\/10\\\/cropped-logo-artic.png\",\"contentUrl\":\"\\\/wp-content\\\/uploads\\\/2024\\\/10\\\/cropped-logo-artic.png\",\"width\":183,\"height\":61,\"caption\":\"Artic\"},\"image\":{\"@id\":\"https:\\\/\\\/artic.fr\\\/#\\\/schema\\\/logo\\\/image\\\/\"},\"sameAs\":[\"https:\\\/\\\/www.linkedin.com\\\/company\\\/gieartic\\\/posts\\\/?feedView=all\"]}]}<\/script>\n<!-- \/ Yoast SEO plugin. -->","yoast_head_json":{"title":"Description E&D - Artic","robots":{"index":"index","follow":"follow","max-snippet":"max-snippet:-1","max-image-preview":"max-image-preview:large","max-video-preview":"max-video-preview:-1"},"canonical":"https:\/\/artic.fr\/index.php\/description-ed-2\/","og_locale":"fr_FR","og_type":"article","og_title":"Description E&D - Artic","og_description":"Le service \u00c9tudes et D\u00e9veloppement est une \u00e9quipe d\u00e9di\u00e9e \u00e0 la conception, au d\u00e9veloppement, \u00e0 l\u2019int\u00e9gration et \u00e0 la mise [&hellip;]","og_url":"https:\/\/artic.fr\/index.php\/description-ed-2\/","og_site_name":"Artic","article_modified_time":"2024-10-22T14:57:03+00:00","og_image":[{"url":"http:\/\/10.101.1.48\/wp-content\/uploads\/2024\/10\/E_D.jpg","type":"","width":"","height":""}],"twitter_card":"summary_large_image","schema":{"@context":"https:\/\/schema.org","@graph":[{"@type":"WebPage","@id":"https:\/\/artic.fr\/index.php\/description-ed-2\/","url":"https:\/\/artic.fr\/index.php\/description-ed-2\/","name":"Description E&D - Artic","isPartOf":{"@id":"https:\/\/artic.fr\/#website"},"primaryImageOfPage":{"@id":"https:\/\/artic.fr\/index.php\/description-ed-2\/#primaryimage"},"image":{"@id":"https:\/\/artic.fr\/index.php\/description-ed-2\/#primaryimage"},"thumbnailUrl":"http:\/\/10.101.1.48\/wp-content\/uploads\/2024\/10\/E_D.jpg","datePublished":"2024-10-04T16:48:05+00:00","dateModified":"2024-10-22T14:57:03+00:00","breadcrumb":{"@id":"https:\/\/artic.fr\/index.php\/description-ed-2\/#breadcrumb"},"inLanguage":"fr-FR","potentialAction":[{"@type":"ReadAction","target":["https:\/\/artic.fr\/index.php\/description-ed-2\/"]}]},{"@type":"ImageObject","inLanguage":"fr-FR","@id":"https:\/\/artic.fr\/index.php\/description-ed-2\/#primaryimage","url":"http:\/\/10.101.1.48\/wp-content\/uploads\/2024\/10\/E_D.jpg","contentUrl":"http:\/\/10.101.1.48\/wp-content\/uploads\/2024\/10\/E_D.jpg"},{"@type":"BreadcrumbList","@id":"https:\/\/artic.fr\/index.php\/description-ed-2\/#breadcrumb","itemListElement":[{"@type":"ListItem","position":1,"name":"Accueil","item":"https:\/\/artic.fr\/"},{"@type":"ListItem","position":2,"name":"Description E&#038;D"}]},{"@type":"WebSite","@id":"https:\/\/artic.fr\/#website","url":"https:\/\/artic.fr\/","name":"Artic, Direction des services informatiques des Cerfrance Normandie-Maine","description":"","publisher":{"@id":"https:\/\/artic.fr\/#organization"},"potentialAction":[{"@type":"SearchAction","target":{"@type":"EntryPoint","urlTemplate":"https:\/\/artic.fr\/?s={search_term_string}"},"query-input":{"@type":"PropertyValueSpecification","valueRequired":true,"valueName":"search_term_string"}}],"inLanguage":"fr-FR"},{"@type":"Organization","@id":"https:\/\/artic.fr\/#organization","name":"Artic","url":"https:\/\/artic.fr\/","logo":{"@type":"ImageObject","inLanguage":"fr-FR","@id":"https:\/\/artic.fr\/#\/schema\/logo\/image\/","url":"\/wp-content\/uploads\/2024\/10\/cropped-logo-artic.png","contentUrl":"\/wp-content\/uploads\/2024\/10\/cropped-logo-artic.png","width":183,"height":61,"caption":"Artic"},"image":{"@id":"https:\/\/artic.fr\/#\/schema\/logo\/image\/"},"sameAs":["https:\/\/www.linkedin.com\/company\/gieartic\/posts\/?feedView=all"]}]}},"_links":{"self":[{"href":"https:\/\/www.artic.fr\/index.php\/wp-json\/wp\/v2\/pages\/109","targetHints":{"allow":["GET"]}}],"collection":[{"href":"https:\/\/www.artic.fr\/index.php\/wp-json\/wp\/v2\/pages"}],"about":[{"href":"https:\/\/www.artic.fr\/index.php\/wp-json\/wp\/v2\/types\/page"}],"author":[{"embeddable":true,"href":"https:\/\/www.artic.fr\/index.php\/wp-json\/wp\/v2\/users\/1"}],"replies":[{"embeddable":true,"href":"https:\/\/www.artic.fr\/index.php\/wp-json\/wp\/v2\/comments?post=109"}],"version-history":[{"count":7,"href":"https:\/\/www.artic.fr\/index.php\/wp-json\/wp\/v2\/pages\/109\/revisions"}],"predecessor-version":[{"id":448,"href":"https:\/\/www.artic.fr\/index.php\/wp-json\/wp\/v2\/pages\/109\/revisions\/448"}],"wp:attachment":[{"href":"https:\/\/www.artic.fr\/index.php\/wp-json\/wp\/v2\/media?parent=109"}],"curies":[{"name":"wp","href":"https:\/\/api.w.org\/{rel}","templated":true}]}}